{"id":4946,"date":"2022-01-06T14:11:27","date_gmt":"2022-01-06T14:11:27","guid":{"rendered":"https:\/\/www.gleamcollection.com\/kisisel-verilerin-islenmesine-iliskin-aydinlatma-metni\/"},"modified":"2022-01-07T04:20:19","modified_gmt":"2022-01-07T04:20:19","slug":"disclosure-text-about-processing-personal-data","status":"publish","type":"page","link":"https:\/\/www.gleamcollection.com\/en\/disclosure-text-about-processing-personal-data\/","title":{"rendered":"DISCLOSURE TEXT ABOUT PROCESSING PERSONAL DATA"},"content":{"rendered":"<div class=\"wpb-content-wrapper\"><p>[vc_row][vc_column][vc_row_inner][vc_column_inner][vc_column_text]At Biblos Alacati Turizm Yat\u0131r\u0131mlar\u0131 A\u015e. (\u201cBiblos Resort\u201d), confidentiality and safety of your personal data is significant for us. Within this context it is essential to process and store any kind of personal data of all the people related to Biblos Resort, including our guests who benefit from our services and products and our business partners, in compliance with the provisions of Code 6698 on \u201cProtection of Personal Data\u201d (\u201cGDPR\u201d)<\/p>\n<p>As \u201cData Responsible\u201d as defined under GDPR, we would like to explain the processing purposes of your personal data, reasons, methods for collection of your personal data and your rights related to processing of your personal data and the terms and basis for the applications related to the usage of these rights.<\/p>\n<p><strong>WHAT KIND OF PERSONAL DATA ARE COLLECTED?<\/strong><\/p>\n<p>At Biblos Resort, we collect personal data of our guests, visitors and business partners (including travel agencies, suppliers, subcontractors and all the shareholders, managers, employees with whom we have business relations). Personal data collected can be classified as follows:<\/p>\n<p>Identity Information:<\/p>\n<p>Name, surname, T.R. ID number, nationality, vehicle plate number, ID card copy and any other such information collected from our guests, visitors and business partners (including travel agencies, suppliers, subcontractors and all the shareholders, managers, employees with whom we have business relations) about the identity of the person.<\/p>\n<p>Communication Information:\u00a0Telephone number, address, e-mail address and any other such information enabling to contact with and collected from our guests, visitors and business partners (including travel agencies, suppliers, subcontractors and all the shareholders, managers, employees with whom we have business relations) whom we have business relations) and other third persons while we are receiving any demands for our complaints about our hotel or during their evaluation process.<\/p>\n<p>Confidential Personal Information:\u00a0Health information, association or foundation membership information, biometric data (audio and video records), blood type or conviction information or any other information defined in Article 6 of GDPR and collected from our guests, visitors or business partners.<\/p>\n<p>Other Information:\u00a0data processed for technical process security, risk management information, legal transaction data, marketing data, location data, cookies and other data collected from our guests, visitors and business partners (including travel agencies, suppliers, subcontractors and all the shareholders, managers, employees with whom we have business relations) and other third parties automatically using other tools.<\/p>\n<p><strong>WHAT ARE THE LEGAL GROUNDS AND METHODS EMPLOYED FOR COLLECTING OR PROCESSING YOUR PERSONAL DATA?<\/strong><\/p>\n<p>We collect your personal data via<\/p>\n<p>communication methods including the printed or electronic forms used for reservations, check in and check out or staying in our hotel,<br \/>\nour internet websites, our social media accounts operated on the name of or with the brand of Biblos Resort in various social media channels,<br \/>\nother communication channels including your e-mail, telephone, printed and electronic forms used by you in Biblos Resort sale and marketing activities,<br \/>\nclosed circuit tv (CCTV) systems in Biblos Resort facilities,<br \/>\nthe contracts executed between us and your company under the business relations carried out, submitted commercial offers, printed and electronic forms, documents, communications or applications made to us,<br \/>\nthe business cards and other documents submitted by you under the frame of the discussions made and the activities guests by our work units,<br \/>\nEstablishing direct communication with our guests and business partners in order to offer and manage the services under hotel activities; making notifications, communications and reservation confirmations related to hotel and accommodation services;<br \/>\nCarrying out advertisement and marketing activities related to the products and services offered by Biblos Resort; giving information about presentations, promotions, campaigns, offers, activities and other similar issues, offering products and services by customizing them according to personal preferences, usage habits and needs;<br \/>\nCarrying out marketing and Guest Relations Management works;<br \/>\nCorporate communication and organizing activities, campaigns and feasts for this purpose, giving information about these; carrying out market researches;<br \/>\nMaking statistics about the number, type, visit frequency, behaviors, geographical locations and other similar issues in order to Improve digital platforms made available for our guests and offer efficient and customized experience to the platform users; offering customized contents, campaigns and advertisements on the basis of interests and needs of platform users; using cookies for this purpose;<br \/>\nFollow-up and evaluation from the demands, proposals and complaints received from the relevant persons, guest satisfaction management and performing planning, statistics and satisfaction evaluation works for this purpose;<br \/>\nPerforming quality evaluation and improvement works in order to offer better and reliable products and services and to ensure sustainability; inspecting suppliers, subcontractors and other business partners;<br \/>\nManagement of the relations with business partners, travel agents, suppliers, contractors and other persons with whom we have business relations; performing works and execution of commercial relations;<br \/>\nEnsuring legal and commercial security of the persons having business relations being in compliance with the provisions of GDPR. We, at Biblos Resort, hereby undertake that your personal data shall be kept safe and not be processed in an illegal manner.<\/p>\n<p><strong>RIGHTS OF PERSONAL DATA OWNER UNDER GDPR AND APPLICATION TERMS AND BASIS<\/strong><\/p>\n<p>i. Your Rights related to Your Personal Data<\/p>\n<p>We hereby inform you that you have the following rights about the data processed by our Company:<\/p>\n<p>Learning whether your personal data has been processed or not;<br \/>\nBeing informed about your personal data if it is processed;<br \/>\nLearning the purpose of processing your personal data and whether your personal data is used in compliance with the purpose;<br \/>\nIf exists, learning the third parties whom the personal data has been transferred within Turkey or abroad and which data was transferred;<br \/>\nDemanding the correction of the processed personal data if they are wrong or incomplete;<br \/>\nIf your personal data was modified, deleted or destructed, demanding the notification of these transactions to the third parties to whom your personal data has been transferred;<br \/>\nIf the reasons requiring your personal data is processed are over or your personal data is not up to date any more, demanding the deletion or destruction of your personal data;<br \/>\nObjecting any situation against you as a result of analysis of your processed personal data exclusively via automatic systems;<br \/>\nDemanding the indemnification of any damage suffered by you due to processing of your personal data against law.<\/p>\n<p>ii. Application<\/p>\n<p>You can make your demands about your rights mentioned above with your application meeting the minimum conditions defined under Announcement on \u201cTerms and Basis about the Application to the Data Responsible\u201d to our KEP address<\/p>\n<p>Information about Family Members\/Relatives:<\/p>\n<p>Information about the family members, relatives or the persons accompanying the relevant person during his\/her stay in our hotel and which are collected pursuant to the provisions of the relevant legislations and\/or in order to protect legal and other benefits of this person.<\/p>\n<p>Financial Information:<\/p>\n<p>Salary, payroll, payment, credit card and other such information collected from our guests or business partners according to the relationship established between our company and the owner of the data.<\/p>\n<p>Personal Information:<\/p>\n<p>any kind of personal information collected from the managers and employees of the institutions which we have contract or other business relationship and which was taken as a base for the establishment of the personal benefits of the real persons who have employment relationship with our company.<\/p>\n<p>Physical Location Security Information:<\/p>\n<p>Personal information like camera records or security information taken from our guests, visitors and business partners (including travel agencies, suppliers, subcontractors and all the shareholders, managers, employees with whom we have business relations) when they are entering into or exiting from or during their stay in our hotel.<\/p>\n<p>Visual\/Audio Data:<\/p>\n<p>personal information like photos, audio and video records collected from our guests, visitors and business partners (including travel agencies, suppliers, subcontractors and all the shareholders, managers, employees with whom we have business relations) but not considered as physical location security information.<\/p>\n<p>Transaction Information:<\/p>\n<p>information about the transactions performed by the guests like reservation information, records about accommodation or the visit, product or service purchase transactions, membership information, groups and activities related to the accommodation or guest preferences.<\/p>\n<p>Communication and Complaint Management Data:<\/p>\n<p>personal data obtained from our guests, visitors and business partners (including travel agencies, suppliers, subcontractors and all the shareholders, managers, employees with performed,<\/p>\n<p>the business connections of Biblos Resort, third parties like travel agencies or companies supplying goods or rendering services, with full or partially automatic or non automatic data recording systems provided to be in verbal, written or electronic media.<\/p>\n<p>We process your personal data collected using the above mentioned methods on the basis of one or several of the following legal reasons:<\/p>\n<p>Your express consent,<br \/>\nProcessing obligation pursuant to the provisions of laws and regulations of Turkish Republic,<br \/>\nIf it is required for the protection of your or any other person\u2019s life or physical integrity when you cannot give your express consent due to physical impracticability,<br \/>\nIf it is required for the execution of the agreement executed between you and us,<br \/>\nIf we are obliged to process your personal data in order to perform our legal requirements,<br \/>\nIf your personal data was publicized by you,<br \/>\nIf it is required to protect or use our legal and contractual rights;<br \/>\nIf it is required to process your personal data for our legitimate rights provided that your fundamental rights and freedoms are not harmed.<br \/>\nWe keep all your personal data processed during the terms required under GDPR and other legal legislations by taking all the required administrative and technical measures as long as the above mentioned legitimate purposes exist.<\/p>\n<p><strong>FOR WHAT PURPOSES ARE YOUR PERSONAL DATA PROCESSED?<\/strong><\/p>\n<p>We process your personal data for the following purposes:<\/p>\n<p>Carrying out our hospitalization activities, meeting your demands and expectations with products and services offered to you by Biblos Resort, offering hospitality and personal experience at the desired level to our customers,<br \/>\nMaking the planning and evaluations and performing works required to make the products and services available for our with Biblos Resort Alacati. (Planning administrative operations for the services rendered by our Company; business partner\/customer\/supplier (managers or employees) evaluation and inspection processes, legal compliance process, etc.)<br \/>\nPhysical security and supervision of the facility operated by Biblos Resort;<br \/>\nPlanning and execution of work health and safety processes;<br \/>\nExercising legal rights, using information about the transaction history as evidence after the end of legal relations in case of any disputes;<br \/>\nDetermining and application of commercial, legal and business strategies;<br \/>\nExecution of financial policies; e-invoice management;<br \/>\nPlanning, supervision and execution of information security processes; management of information technology infrastructure;<br \/>\nPlanning, reporting, customer\/visitor statistics or performing other similar evaluations under the frame of our company operations; and\/or<br \/>\nBeing in compliance with the national legislations; submitting information demanded by public bodies and institutions, meeting reporting obligations.<\/p>\n<p><strong>DO WE TRANSFER YOU PERSONAL DATA TO THIRD PARTIES OR ABROAD?<\/strong><\/p>\n<p>We might transfer your personal data to our business partners that are located in Turkey or abroad who render services to our Company, to agencies we work in cooperation with and online hotel reservation service providers, our suppliers, third party service providers working within the facility, our insurance companies, banks and financial institutions, consulting companies rendering services about legal, tax and other similar issues, Company authorities, our shareholders, legally authorized public bodies and private persons, service providers processing personal data on behalf of our Company and rendering storage, archiving, information technology services to our Company within Turkey or abroad for the purposes mentioned above provided that the above mentioned legal basis exist and (biblosalacati@hs02.kep.tr) or our e-mail address (kvk@biblosresorts.com) with an electronically signed or mobile signed mail or with a written application signed and submitted by person or made via Notary public to\u00a0Ala\u00e7at\u0131 Mah.18012 Sok. No:2\/A \u00c7e\u015fme\/\u0130ZM\u0130R<\/p>\n<p>Biblos Resort shall conclude all the demands made free of charge as soon as possible on the basis of the demand characteristics provided to be no more than thirty days. If we suffer any costs to fulfill your demand, the costs calculated on the basis of the tariff determined by the Personal Data Protection Board can be charged.<\/p>\n<p>Biblos Resort might accept the demands made or reject them by giving the reasons and such reply can be communicated to the relevant person in written or in electronic media. If the demand is accepted, Biblos Resort Alacati shall fulfill the demand as soon as possible.<\/p>\n<p>iii. Complaints<\/p>\n<p>If the demands made from Biblos Resort are rejected by the Company or you are not satisfied with the reply of the Company or no reply is given, you have the right to complain to Personal Data Protection Board within 30 days after the notification of the reply to you or within 30 days after the completion of 30 day long period if no reply is given.<\/p>\n<p><strong>IDENTITY AND COMMUNICATION DETAILS OF DATA RESPONSIBLE PERSON<\/strong><\/p>\n<p>This disclosure text was issued to address data owner persons by Biblos Alacati Turizm Yatirimlari A.S., (as being the \u201cData Responsible\u201d) which is incorporated in Turkey and whose details are given below.<\/p>\n<p>Biblos Alacati Turizm Yatirimlari A.S.<\/p>\n<p>Ala\u00e7at\u0131 Mahallesi, 18012 Sokak 2\/A 35930 \u00c7e\u015fme, \u0130zmir T\u00fcrkiye<\/p>\n<p>+90 232 335 00 00<\/p>\n<p>Mersis No_0169 0545 2510 0019<\/p>\n<p>KEP Address_biblosalacati@hs02.kep.tr[\/vc_column_text][\/vc_column_inner][\/vc_row_inner][\/vc_column][\/vc_row]<\/p>\n<\/div>","protected":false},"excerpt":{"rendered":"<p>[vc_row][vc_column][vc_row_inner][vc_column_inner][vc_column_text]At Biblos Alacati Turizm Yat\u0131r\u0131mlar\u0131 A\u015e. (\u201cBiblos Resort\u201d), confidentiality and safety of your personal data is significant for us. Within this context it is essential to process and store any kind of personal data of all the people related to [&hellip;]<\/p>\n","protected":false},"author":2,"featured_media":0,"parent":0,"menu_order":0,"comment_status":"closed","ping_status":"closed","template":"","meta":{"footnotes":""},"class_list":["post-4946","page","type-page","status-publish","hentry"],"yoast_head":"<!-- This site is optimized with the Yoast SEO plugin v26.6 - https:\/\/yoast.com\/wordpress\/plugins\/seo\/ -->\n<title>DISCLOSURE TEXT ABOUT PROCESSING PERSONAL DATA - Gleam Collection<\/title>\n<meta name=\"robots\" content=\"index, follow, max-snippet:-1, max-image-preview:large, max-video-preview:-1\" \/>\n<link rel=\"canonical\" href=\"https:\/\/www.gleamcollection.com\/disclosure-text-about-processing-personal-data\/\" \/>\n<meta property=\"og:locale\" content=\"en_US\" \/>\n<meta property=\"og:type\" content=\"article\" \/>\n<meta property=\"og:title\" content=\"DISCLOSURE TEXT ABOUT PROCESSING PERSONAL DATA - Gleam Collection\" \/>\n<meta property=\"og:description\" content=\"[vc_row][vc_column][vc_row_inner][vc_column_inner][vc_column_text]At Biblos Alacati Turizm Yat\u0131r\u0131mlar\u0131 A\u015e. (\u201cBiblos Resort\u201d), confidentiality and safety of your personal data is significant for us. Within this context it is essential to process and store any kind of personal data of all the people related to [&hellip;]\" \/>\n<meta property=\"og:url\" content=\"https:\/\/www.gleamcollection.com\/disclosure-text-about-processing-personal-data\/\" \/>\n<meta property=\"og:site_name\" content=\"Gleam Collection\" \/>\n<meta property=\"article:modified_time\" content=\"2022-01-07T04:20:19+00:00\" \/>\n<meta name=\"twitter:card\" content=\"summary_large_image\" \/>\n<meta name=\"twitter:label1\" content=\"Est. reading time\" \/>\n\t<meta name=\"twitter:data1\" content=\"10 minutes\" \/>\n<script type=\"application\/ld+json\" class=\"yoast-schema-graph\">{\"@context\":\"https:\/\/schema.org\",\"@graph\":[{\"@type\":\"WebPage\",\"@id\":\"https:\/\/www.gleamcollection.com\/disclosure-text-about-processing-personal-data\/\",\"url\":\"https:\/\/www.gleamcollection.com\/disclosure-text-about-processing-personal-data\/\",\"name\":\"DISCLOSURE TEXT ABOUT PROCESSING PERSONAL DATA - Gleam Collection\",\"isPartOf\":{\"@id\":\"https:\/\/www.gleamcollection.com\/#website\"},\"datePublished\":\"2022-01-06T14:11:27+00:00\",\"dateModified\":\"2022-01-07T04:20:19+00:00\",\"inLanguage\":\"en-US\",\"potentialAction\":[{\"@type\":\"ReadAction\",\"target\":[\"https:\/\/www.gleamcollection.com\/disclosure-text-about-processing-personal-data\/\"]}]},{\"@type\":\"WebSite\",\"@id\":\"https:\/\/www.gleamcollection.com\/#website\",\"url\":\"https:\/\/www.gleamcollection.com\/\",\"name\":\"Gleam Collection\",\"description\":\"\",\"potentialAction\":[{\"@type\":\"SearchAction\",\"target\":{\"@type\":\"EntryPoint\",\"urlTemplate\":\"https:\/\/www.gleamcollection.com\/?s={search_term_string}\"},\"query-input\":{\"@type\":\"PropertyValueSpecification\",\"valueRequired\":true,\"valueName\":\"search_term_string\"}}],\"inLanguage\":\"en-US\"}]}<\/script>\n<!-- \/ Yoast SEO plugin. -->","yoast_head_json":{"title":"DISCLOSURE TEXT ABOUT PROCESSING PERSONAL DATA - Gleam Collection","robots":{"index":"index","follow":"follow","max-snippet":"max-snippet:-1","max-image-preview":"max-image-preview:large","max-video-preview":"max-video-preview:-1"},"canonical":"https:\/\/www.gleamcollection.com\/disclosure-text-about-processing-personal-data\/","og_locale":"en_US","og_type":"article","og_title":"DISCLOSURE TEXT ABOUT PROCESSING PERSONAL DATA - Gleam Collection","og_description":"[vc_row][vc_column][vc_row_inner][vc_column_inner][vc_column_text]At Biblos Alacati Turizm Yat\u0131r\u0131mlar\u0131 A\u015e. (\u201cBiblos Resort\u201d), confidentiality and safety of your personal data is significant for us. Within this context it is essential to process and store any kind of personal data of all the people related to [&hellip;]","og_url":"https:\/\/www.gleamcollection.com\/disclosure-text-about-processing-personal-data\/","og_site_name":"Gleam Collection","article_modified_time":"2022-01-07T04:20:19+00:00","twitter_card":"summary_large_image","twitter_misc":{"Est. reading time":"10 minutes"},"schema":{"@context":"https:\/\/schema.org","@graph":[{"@type":"WebPage","@id":"https:\/\/www.gleamcollection.com\/disclosure-text-about-processing-personal-data\/","url":"https:\/\/www.gleamcollection.com\/disclosure-text-about-processing-personal-data\/","name":"DISCLOSURE TEXT ABOUT PROCESSING PERSONAL DATA - Gleam Collection","isPartOf":{"@id":"https:\/\/www.gleamcollection.com\/#website"},"datePublished":"2022-01-06T14:11:27+00:00","dateModified":"2022-01-07T04:20:19+00:00","inLanguage":"en-US","potentialAction":[{"@type":"ReadAction","target":["https:\/\/www.gleamcollection.com\/disclosure-text-about-processing-personal-data\/"]}]},{"@type":"WebSite","@id":"https:\/\/www.gleamcollection.com\/#website","url":"https:\/\/www.gleamcollection.com\/","name":"Gleam Collection","description":"","potentialAction":[{"@type":"SearchAction","target":{"@type":"EntryPoint","urlTemplate":"https:\/\/www.gleamcollection.com\/?s={search_term_string}"},"query-input":{"@type":"PropertyValueSpecification","valueRequired":true,"valueName":"search_term_string"}}],"inLanguage":"en-US"}]}},"_links":{"self":[{"href":"https:\/\/www.gleamcollection.com\/en\/wp-json\/wp\/v2\/pages\/4946","targetHints":{"allow":["GET"]}}],"collection":[{"href":"https:\/\/www.gleamcollection.com\/en\/wp-json\/wp\/v2\/pages"}],"about":[{"href":"https:\/\/www.gleamcollection.com\/en\/wp-json\/wp\/v2\/types\/page"}],"author":[{"embeddable":true,"href":"https:\/\/www.gleamcollection.com\/en\/wp-json\/wp\/v2\/users\/2"}],"replies":[{"embeddable":true,"href":"https:\/\/www.gleamcollection.com\/en\/wp-json\/wp\/v2\/comments?post=4946"}],"version-history":[{"count":2,"href":"https:\/\/www.gleamcollection.com\/en\/wp-json\/wp\/v2\/pages\/4946\/revisions"}],"predecessor-version":[{"id":4949,"href":"https:\/\/www.gleamcollection.com\/en\/wp-json\/wp\/v2\/pages\/4946\/revisions\/4949"}],"wp:attachment":[{"href":"https:\/\/www.gleamcollection.com\/en\/wp-json\/wp\/v2\/media?parent=4946"}],"curies":[{"name":"wp","href":"https:\/\/api.w.org\/{rel}","templated":true}]}}