{"id":6829,"date":"2025-02-03T17:06:17","date_gmt":"2025-02-03T14:06:17","guid":{"rendered":"https:\/\/www.gleamcollection.com\/bomonti\/?page_id=6829"},"modified":"2025-02-03T17:07:21","modified_gmt":"2025-02-03T14:07:21","slug":"surdurulebilir-turizm-politikasi","status":"publish","type":"page","link":"https:\/\/www.gleamcollection.com\/bomonti\/surdurulebilir-turizm-politikasi\/","title":{"rendered":"S\u00dcRD\u00dcR\u00dcLEB\u0130L\u0130R TUR\u0130ZM POL\u0130T\u0130KASI"},"content":{"rendered":"<div class=\"wpb-content-wrapper\"><p>[vc_row][vc_column][vc_row_inner][vc_column_inner css=&#8221;.vc_custom_1681466181573{margin-top: 50px !important;}&#8221;][vc_column_text]<\/p>\n<p style=\"text-align: center; font-size: 25px;\"><strong>S\u00dcRD\u00dcR\u00dcLEB\u0130L\u0130R TUR\u0130ZM POL\u0130T\u0130KASI<\/strong><\/p>\n<p>[\/vc_column_text][vc_column_text css=&#8221;.vc_custom_1681471453407{margin-top: 20px !important;}&#8221;]<\/p>\n<p style=\"text-align: center;\">GLEAM OTEL m\u00fckemmel hizmet kalitesi ile itibar\u0131n\u0131 korumak isteyen, m\u00fc\u015fterilerimizin ihtiya\u00e7lar\u0131n\u0131 en verimli bir \u015fekilde kar\u015f\u0131lamay\u0131 ama\u00e7lamaktad\u0131r. T\u00fcm bu y\u0131llar boyunca yapt\u0131\u011f\u0131m\u0131z \u00e7al\u0131\u015fmalar, bug\u00fcn bizi geli\u015ftirmeye\u00a0y\u00f6nlendiren deneyimi edinmemize yard\u0131mc\u0131 oldu. Daha y\u00fcksek verimli bir operasyon ama\u00e7lad\u0131k, bu nedenle yasal mevzuatlar do\u011frultusunda s\u00fcrd\u00fcr\u00fclebilirlik \u00e7abalar\u0131na da kat\u0131ld\u0131k ve hizmetlerimiz s\u0131ras\u0131nda olu\u015fturabilecek olumsuz etkileri azaltmaya \u00e7al\u0131\u015f\u0131yoruz. Bu nedenle, sorumlu bir \u015firket olarak taahh\u00fcd\u00fcm\u00fcz\u00fc sa\u011flamak i\u00e7in, S\u00fcrd\u00fcr\u00fclebilir Turizm Sertifikas\u0131&#8217;n\u0131\u00a0alarak, do\u011fal kaynaklar\u0131m\u0131z\u0131, miras\u0131m\u0131z\u0131 (karakterimizi, geleneklerimizi, k\u00fclt\u00fcr\u00fcm\u00fcz\u00fc) korumak, bu do\u011frultuda \u00e7al\u0131\u015fman\u0131n \u00f6nemini misafirlerimize aktarmak ve \u00e7al\u0131\u015fanlar\u0131m\u0131z\u0131n g\u00f6revlerini yerine getirebilmeleri i\u00e7in e\u011fitilmelerini\u00a0\u00f6nemsiyoruz. Misyonumuz \u0130stanbul&#8217;da m\u00fc\u015fterilerimizin ihtiya\u00e7lar\u0131n\u0131 tam olarakkar\u015f\u0131layan ve s\u00fcrd\u00fcr\u00fclebilir bir hizmet sa\u011flay\u0131c\u0131 olarak \u00e7evreyi , kaynaklar\u0131m\u0131z\u0131 ve k\u00fclt\u00fcr\u00fcm\u00fcz\u00fc koruma taahh\u00fcd\u00fcm\u00fcz\u00fc yerine getiren \u00c7evresel,sosyal , k\u00fclt\u00fcrel, ekonomik , kalite , insan haklar\u0131 , sa\u011fl\u0131k , g\u00fcvenlik , risk ve kriz konular\u0131n\u0131 \u00f6n planda tutan bir turizm operasyonu sa\u011flamak. Vizyonumuz Kaliteli hizmete uygunluk ve \u00e7evreye sayg\u0131 konusundaki itibar\u0131m\u0131z\u0131 ve miras\u0131m\u0131z\u0131 korumak.<\/p>\n<p>[\/vc_column_text][vc_column_text css=&#8221;.vc_custom_1681466290246{margin-top: 70px !important;}&#8221;]<\/p>\n<p style=\"text-align: center; font-size: 25px;\"><strong>KAYNAKLARI KORUNMA VE K\u0130RL\u0130L\u0130\u011e\u0130N AZALTILMASI<br \/>\nPOL\u0130T\u0130KASI<\/strong><\/p>\n<p>[\/vc_column_text][vc_column_text css=&#8221;.vc_custom_1699860595444{margin-top: 20px !important;margin-bottom: 50px !important;}&#8221;]<\/p>\n<p style=\"text-align: center;\">\u00c7evre d\u00fczenlemeleri Faaliyetlerimize d\u00f6rt temel \u00fczerinde ba\u015flad\u0131k: enerji tasarrufu, su tasarrufu, kat\u0131 maddenin do\u011fru y\u00f6netimi at\u0131k ve tedarik\u00e7iler.<\/p>\n<p style=\"text-align: center;\">1 \u2013 Enerji: Enerji tasarrufu i\u00e7in \u00e7al\u0131\u015fanlar aras\u0131nda bilgilendirme kampanyalar\u0131 ve e\u011fitimler d\u00fczenledik. Donan\u0131mlar\u0131 d\u00fc\u015f\u00fck g\u00fc\u00e7 modunda kullanmak. Enerjiyi verimli kullanan ekipmanlarla de\u011fi\u015ftirmek. Tasarruf ampulleri takmak. Kullan\u0131lmayan elektrik sistemlerinin fi\u015fini \u00e7ekmek. Do\u011fal \u0131\u015f\u0131ktan en iyi \u015fekilde yararlan\u0131yoruz. Ayd\u0131nlatma sistemlerinde iyi bir ayd\u0131nlatma standard\u0131 sa\u011fl\u0131yoruz. Enerji tasarrufu i\u00e7in \u00f6nlemler i\u00e7eren bir i\u00e7 politikam\u0131z var.<\/p>\n<p style=\"text-align: center;\">2 \u2013 Su: Su tasarrufu i\u00e7in \u00e7al\u0131\u015fanlar aras\u0131nda bilgilendirme kampanyalar\u0131 ve e\u011fitimler d\u00fczenledik. Damlamalar\u0131 \u00f6nlemek i\u00e7in kullan\u0131c\u0131lara bilgi sa\u011fl\u0131yoruz. Ayl\u0131k su t\u00fcketimini izliyoruz. Su tasarrufu i\u00e7in \u00f6nlemler i\u00e7eren bir i\u00e7 politikam\u0131z var.<\/p>\n<p style=\"text-align: center;\">3 \u2013 Kat\u0131 at\u0131klar\u0131n uygun \u015fekilde i\u015flenmesi Malzemelerin ayr\u0131lmas\u0131n\u0131 sa\u011flayan resmi bir at\u0131k y\u00f6netimi program\u0131m\u0131z var ve geri d\u00f6n\u00fc\u015f\u00fcme resmi olarak devam etmek i\u00e7in bir tesise teslim ediyoruz. \u00c7al\u0131\u015fanlar\u0131m\u0131z\u0131 kavramlar, uygulamalar ve politikalar ortaya koyarak e\u011fitiyoruz.<\/p>\n<p style=\"text-align: center;\">4 \u2013 \u00dcr\u00fcnlerin t\u00fcketimi \u00c7evre dostu \u00fcr\u00fcnlere \u00f6ncelik vererek belirledi\u011fimiz bir sat\u0131n alma politikam\u0131z var (biyolojik olarak par\u00e7alanabilir, yeniden kullan\u0131labilir, geri d\u00f6n\u00fc\u015ft\u00fcr\u00fclebilir). Geri d\u00f6n\u00fc\u015ft\u00fcr\u00fclm\u00fc\u015f ka\u011f\u0131t veya sertifika kullan\u0131yoruz. \u00c7evre dostu, yerel ve adil ticaret yapan \u015firketler de dahil olmak \u00fczere g\u00fcncellenen bir tedarik\u00e7i listesi olu\u015fturduk.<\/p>\n<p>[\/vc_column_text][vc_column_text css=&#8221;.vc_custom_1699860625653{margin-top: 70px !important;}&#8221;]<\/p>\n<p style=\"text-align: center; font-size: 25px;\"><strong>SATIN ALMA POL\u0130T\u0130KASI<\/strong><\/p>\n<p>[\/vc_column_text][vc_column_text css=&#8221;.vc_custom_1699860642260{margin-top: 20px !important;margin-bottom: 50px !important;}&#8221;]<\/p>\n<p style=\"text-align: center;\">S\u00fcrd\u00fcr\u00fclebilir tedarik gerekliliklerine ba\u011fl\u0131 olarak<span class=\"Apple-converted-space\">\u00a0 <\/span>a\u015fa\u011f\u0131daki kriterleri de\u011ferlendiriyoruz.;<\/p>\n<ul>\n<li style=\"text-align: center;\">Bu kiriterlere sahip olmas\u0131 ko\u015fulunda yerel tedarik\u00e7iyi destekliyor ve al\u0131mlar\u0131m\u0131z\u0131 yerel tedarik\u00e7iden ger\u00e7ekle\u015ftiriyoruz.<\/li>\n<li style=\"text-align: center;\">T\u00fcm tedarik\u00e7ilerimizin yasal ve adil rekabet ko\u015fullar\u0131n\u0131 sa\u011flad\u0131\u011f\u0131n\u0131 do\u011fruluyoruz.<\/li>\n<li style=\"text-align: center;\">Y\u00f6netim Sistemleri konular\u0131nda, uluslararas\u0131 d\u00fczeyde kabul g\u00f6rm\u00fc\u015f standartlara \/sertifikalara sahip olmas\u0131na,<\/li>\n<li style=\"text-align: center;\">\u00c7evreye zararl\u0131 etkilerinin olmamas\u0131na, \u00e7evre mevzuatlar\u0131na uyuyor olmas\u0131na,<\/li>\n<li style=\"text-align: center;\">Ekosisteme ve canl\u0131lara zarar vermemesine, avlanma yasaklar\u0131na uyuyor olmas\u0131na,<\/li>\n<li style=\"text-align: center;\">\u00dcr\u00fcn ambalajlar\u0131nda daha az ambalajlamaya veya d\u00f6kme ambalajlama alternatifleri sunuyor olmas\u0131na,<\/li>\n<li style=\"text-align: center;\">\u00c7evre dostu, organik, bio, vegan, alternatifleri sunmalar\u0131na,<\/li>\n<li style=\"text-align: center;\">Yerli ve yerel \u00fcretim\/hizmet sa\u011flay\u0131c\u0131s\u0131 olmas\u0131na,<\/li>\n<li style=\"text-align: center;\">Tedarik\u00e7ilerimiz ile birlikte verimli sat\u0131n alma f\u0131rsatlar\u0131 yaratmay\u0131 \u00e7evre etkilerini azaltmay\u0131 hedefleriz.<\/li>\n<\/ul>\n<p>[\/vc_column_text][vc_column_text css=&#8221;.vc_custom_1699860667433{margin-top: 70px !important;}&#8221;]<\/p>\n<p style=\"text-align: center; font-size: 25px;\"><strong>E\u015e\u0130TL\u0130K VE \u0130ST\u0130SMAR \/ TAC\u0130Z POL\u0130T\u0130KASI<\/strong><\/p>\n<p>[\/vc_column_text][vc_column_text css=&#8221;.vc_custom_1699860680873{margin-top: 20px !important;margin-bottom: 50px !important;}&#8221;]<\/p>\n<p style=\"text-align: center;\">\u0130\u015fletmemizde e\u015fitli\u011fe \u00f6nem veririz;<\/p>\n<ul>\n<li style=\"text-align: center;\">Dil Din, Irk, Mezhep, Cinsiyet fark\u0131 g\u00f6zetmeksizin t\u00fcm \u00e7al\u0131\u015fanlar\u0131m\u0131z\u0131n sa\u011fl\u0131k, g\u00fcvenlik ve refahlar\u0131n\u0131 sa\u011flar\u0131z.<\/li>\n<li style=\"text-align: center;\">Kad\u0131nlar\u0131n i\u015f g\u00fcc\u00fcne kat\u0131l\u0131m\u0131n\u0131 t\u00fcm departmanlar\u0131m\u0131zda destekleriz.<\/li>\n<li style=\"text-align: center;\">Ayr\u0131m yapmadan \u00abe\u015fit i\u015fe e\u015fit \u00fccret\u00bb politikas\u0131 ile hareket ederiz.<\/li>\n<li style=\"text-align: center;\">Kariyer f\u0131rsatlar\u0131ndan e\u015fit d\u00fczeyde faydalan\u0131lmas\u0131 i\u00e7in gerekli ortam\u0131 sa\u011flar\u0131z. Kad\u0131nlar\u0131n \u015firket y\u00f6netiminde olmalar\u0131 i\u00e7in destek verir, e\u015fit f\u0131rsatlar sunar\u0131z.<\/li>\n<li style=\"text-align: center;\">E\u011fitim uygulamalar\u0131 ile t\u00fcm \u00e7al\u0131\u015fanlar\u0131m\u0131z\u0131n fark\u0131ndal\u0131\u011f\u0131n artmas\u0131na destek oluruz.<\/li>\n<li style=\"text-align: center;\">\u0130\u015f-aile ya\u015fam dengesini koruyan \u00e7al\u0131\u015fma ko\u015fullar\u0131<span class=\"Apple-converted-space\">\u00a0 <\/span>ve uygulamalar\u0131n\u0131 olu\u015ftururuz.<\/li>\n<li style=\"text-align: center;\">Kad\u0131nlar\u0131n hi\u00e7bir \u015fekilde istismar, taciz, ayr\u0131mc\u0131l\u0131k, bast\u0131r\u0131lma, zorlama, iftira vb. durumlara maruz kalmas\u0131na m\u00fcsaade etmeyiz.<\/li>\n<li style=\"text-align: center;\">\u00c7ocuk i\u015f\u00e7i \u00e7al\u0131\u015ft\u0131rmaz \u00e7ocuklar\u0131n korunmas\u0131na destek veririz.<\/li>\n<li style=\"text-align: center;\">\u0130\u015fletmemizde ve \u00e7evremizde her t\u00fcrl\u00fc olu\u015facak kad\u0131n- \u00e7ocuk ve hayvan istismar\u0131na kar\u015f\u0131 oldu\u011fumuzu beyan ederiz.<\/li>\n<\/ul>\n<p>[\/vc_column_text][\/vc_column_inner][\/vc_row_inner][\/vc_column][\/vc_row]<\/p>\n<\/div>","protected":false},"excerpt":{"rendered":"<p>[vc_row][vc_column][vc_row_inner][vc_column_inner css=&#8221;.vc_custom_1681466181573{margin-top: 50px !important;}&#8221;][vc_column_text] S\u00dcRD\u00dcR\u00dcLEB\u0130L\u0130R TUR\u0130ZM POL\u0130T\u0130KASI [\/vc_column_text][vc_column_text css=&#8221;.vc_custom_1681471453407{margin-top: 20px !important;}&#8221;] GLEAM OTEL m\u00fckemmel hizmet kalitesi ile itibar\u0131n\u0131 korumak isteyen, m\u00fc\u015fterilerimizin ihtiya\u00e7lar\u0131n\u0131 en verimli bir \u015fekilde kar\u015f\u0131lamay\u0131 ama\u00e7lamaktad\u0131r. T\u00fcm bu y\u0131llar boyunca yapt\u0131\u011f\u0131m\u0131z \u00e7al\u0131\u015fmalar, bug\u00fcn bizi geli\u015ftirmeye\u00a0y\u00f6nlendiren deneyimi edinmemize yard\u0131mc\u0131 [&hellip;]<\/p>\n","protected":false},"author":2,"featured_media":0,"parent":0,"menu_order":0,"comment_status":"closed","ping_status":"closed","template":"","meta":{"footnotes":""},"class_list":["post-6829","page","type-page","status-publish","hentry"],"yoast_head":"<!-- This site is optimized with the Yoast SEO plugin v27.1.1 - https:\/\/yoast.com\/product\/yoast-seo-wordpress\/ -->\n<title>S\u00dcRD\u00dcR\u00dcLEB\u0130L\u0130R TUR\u0130ZM POL\u0130T\u0130KASI - Gleam Collection<\/title>\n<meta name=\"robots\" content=\"index, follow, max-snippet:-1, max-image-preview:large, max-video-preview:-1\" \/>\n<link rel=\"canonical\" href=\"https:\/\/www.gleamcollection.com\/bomonti\/surdurulebilir-turizm-politikasi\/\" \/>\n<meta property=\"og:locale\" content=\"tr_TR\" \/>\n<meta property=\"og:type\" content=\"article\" \/>\n<meta property=\"og:title\" content=\"S\u00dcRD\u00dcR\u00dcLEB\u0130L\u0130R TUR\u0130ZM POL\u0130T\u0130KASI - Gleam Collection\" \/>\n<meta property=\"og:description\" content=\"[vc_row][vc_column][vc_row_inner][vc_column_inner css=&#8221;.vc_custom_1681466181573{margin-top: 50px !important;}&#8221;][vc_column_text] S\u00dcRD\u00dcR\u00dcLEB\u0130L\u0130R TUR\u0130ZM POL\u0130T\u0130KASI [\/vc_column_text][vc_column_text css=&#8221;.vc_custom_1681471453407{margin-top: 20px !important;}&#8221;] GLEAM OTEL m\u00fckemmel hizmet kalitesi ile itibar\u0131n\u0131 korumak isteyen, m\u00fc\u015fterilerimizin ihtiya\u00e7lar\u0131n\u0131 en verimli bir \u015fekilde kar\u015f\u0131lamay\u0131 ama\u00e7lamaktad\u0131r. T\u00fcm bu y\u0131llar boyunca yapt\u0131\u011f\u0131m\u0131z \u00e7al\u0131\u015fmalar, bug\u00fcn bizi geli\u015ftirmeye\u00a0y\u00f6nlendiren deneyimi edinmemize yard\u0131mc\u0131 [&hellip;]\" \/>\n<meta property=\"og:url\" content=\"https:\/\/www.gleamcollection.com\/bomonti\/surdurulebilir-turizm-politikasi\/\" \/>\n<meta property=\"og:site_name\" content=\"Gleam Collection\" \/>\n<meta property=\"article:modified_time\" content=\"2025-02-03T14:07:21+00:00\" \/>\n<meta name=\"twitter:card\" content=\"summary_large_image\" \/>\n<meta name=\"twitter:label1\" content=\"Tahmini okuma s\u00fcresi\" \/>\n\t<meta name=\"twitter:data1\" content=\"4 dakika\" \/>\n<script type=\"application\/ld+json\" class=\"yoast-schema-graph\">{\"@context\":\"https:\/\/schema.org\",\"@graph\":[{\"@type\":\"WebPage\",\"@id\":\"https:\/\/www.gleamcollection.com\/bomonti\/surdurulebilir-turizm-politikasi\/\",\"url\":\"https:\/\/www.gleamcollection.com\/bomonti\/surdurulebilir-turizm-politikasi\/\",\"name\":\"S\u00dcRD\u00dcR\u00dcLEB\u0130L\u0130R TUR\u0130ZM POL\u0130T\u0130KASI - Gleam Collection\",\"isPartOf\":{\"@id\":\"https:\/\/www.gleamcollection.com\/bomonti\/#website\"},\"datePublished\":\"2025-02-03T14:06:17+00:00\",\"dateModified\":\"2025-02-03T14:07:21+00:00\",\"inLanguage\":\"tr\",\"potentialAction\":[{\"@type\":\"ReadAction\",\"target\":[\"https:\/\/www.gleamcollection.com\/bomonti\/surdurulebilir-turizm-politikasi\/\"]}]},{\"@type\":\"WebSite\",\"@id\":\"https:\/\/www.gleamcollection.com\/bomonti\/#website\",\"url\":\"https:\/\/www.gleamcollection.com\/bomonti\/\",\"name\":\"Gleam Collection\",\"description\":\"\",\"potentialAction\":[{\"@type\":\"SearchAction\",\"target\":{\"@type\":\"EntryPoint\",\"urlTemplate\":\"https:\/\/www.gleamcollection.com\/bomonti\/?s={search_term_string}\"},\"query-input\":{\"@type\":\"PropertyValueSpecification\",\"valueRequired\":true,\"valueName\":\"search_term_string\"}}],\"inLanguage\":\"tr\"}]}<\/script>\n<!-- \/ Yoast SEO plugin. -->","yoast_head_json":{"title":"S\u00dcRD\u00dcR\u00dcLEB\u0130L\u0130R TUR\u0130ZM POL\u0130T\u0130KASI - Gleam Collection","robots":{"index":"index","follow":"follow","max-snippet":"max-snippet:-1","max-image-preview":"max-image-preview:large","max-video-preview":"max-video-preview:-1"},"canonical":"https:\/\/www.gleamcollection.com\/bomonti\/surdurulebilir-turizm-politikasi\/","og_locale":"tr_TR","og_type":"article","og_title":"S\u00dcRD\u00dcR\u00dcLEB\u0130L\u0130R TUR\u0130ZM POL\u0130T\u0130KASI - Gleam Collection","og_description":"[vc_row][vc_column][vc_row_inner][vc_column_inner css=&#8221;.vc_custom_1681466181573{margin-top: 50px !important;}&#8221;][vc_column_text] S\u00dcRD\u00dcR\u00dcLEB\u0130L\u0130R TUR\u0130ZM POL\u0130T\u0130KASI [\/vc_column_text][vc_column_text css=&#8221;.vc_custom_1681471453407{margin-top: 20px !important;}&#8221;] GLEAM OTEL m\u00fckemmel hizmet kalitesi ile itibar\u0131n\u0131 korumak isteyen, m\u00fc\u015fterilerimizin ihtiya\u00e7lar\u0131n\u0131 en verimli bir \u015fekilde kar\u015f\u0131lamay\u0131 ama\u00e7lamaktad\u0131r. T\u00fcm bu y\u0131llar boyunca yapt\u0131\u011f\u0131m\u0131z \u00e7al\u0131\u015fmalar, bug\u00fcn bizi geli\u015ftirmeye\u00a0y\u00f6nlendiren deneyimi edinmemize yard\u0131mc\u0131 [&hellip;]","og_url":"https:\/\/www.gleamcollection.com\/bomonti\/surdurulebilir-turizm-politikasi\/","og_site_name":"Gleam Collection","article_modified_time":"2025-02-03T14:07:21+00:00","twitter_card":"summary_large_image","twitter_misc":{"Tahmini okuma s\u00fcresi":"4 dakika"},"schema":{"@context":"https:\/\/schema.org","@graph":[{"@type":"WebPage","@id":"https:\/\/www.gleamcollection.com\/bomonti\/surdurulebilir-turizm-politikasi\/","url":"https:\/\/www.gleamcollection.com\/bomonti\/surdurulebilir-turizm-politikasi\/","name":"S\u00dcRD\u00dcR\u00dcLEB\u0130L\u0130R TUR\u0130ZM POL\u0130T\u0130KASI - Gleam Collection","isPartOf":{"@id":"https:\/\/www.gleamcollection.com\/bomonti\/#website"},"datePublished":"2025-02-03T14:06:17+00:00","dateModified":"2025-02-03T14:07:21+00:00","inLanguage":"tr","potentialAction":[{"@type":"ReadAction","target":["https:\/\/www.gleamcollection.com\/bomonti\/surdurulebilir-turizm-politikasi\/"]}]},{"@type":"WebSite","@id":"https:\/\/www.gleamcollection.com\/bomonti\/#website","url":"https:\/\/www.gleamcollection.com\/bomonti\/","name":"Gleam Collection","description":"","potentialAction":[{"@type":"SearchAction","target":{"@type":"EntryPoint","urlTemplate":"https:\/\/www.gleamcollection.com\/bomonti\/?s={search_term_string}"},"query-input":{"@type":"PropertyValueSpecification","valueRequired":true,"valueName":"search_term_string"}}],"inLanguage":"tr"}]}},"_links":{"self":[{"href":"https:\/\/www.gleamcollection.com\/bomonti\/wp-json\/wp\/v2\/pages\/6829","targetHints":{"allow":["GET"]}}],"collection":[{"href":"https:\/\/www.gleamcollection.com\/bomonti\/wp-json\/wp\/v2\/pages"}],"about":[{"href":"https:\/\/www.gleamcollection.com\/bomonti\/wp-json\/wp\/v2\/types\/page"}],"author":[{"embeddable":true,"href":"https:\/\/www.gleamcollection.com\/bomonti\/wp-json\/wp\/v2\/users\/2"}],"replies":[{"embeddable":true,"href":"https:\/\/www.gleamcollection.com\/bomonti\/wp-json\/wp\/v2\/comments?post=6829"}],"version-history":[{"count":3,"href":"https:\/\/www.gleamcollection.com\/bomonti\/wp-json\/wp\/v2\/pages\/6829\/revisions"}],"predecessor-version":[{"id":6832,"href":"https:\/\/www.gleamcollection.com\/bomonti\/wp-json\/wp\/v2\/pages\/6829\/revisions\/6832"}],"wp:attachment":[{"href":"https:\/\/www.gleamcollection.com\/bomonti\/wp-json\/wp\/v2\/media?parent=6829"}],"curies":[{"name":"wp","href":"https:\/\/api.w.org\/{rel}","templated":true}]}}