{"id":5739,"date":"2022-11-30T19:46:32","date_gmt":"2022-11-30T16:46:32","guid":{"rendered":"https:\/\/www.gleamcollection.com\/bomonti\/?page_id=5739"},"modified":"2026-02-05T10:24:50","modified_gmt":"2026-02-05T07:24:50","slug":"gleam-bar-bistro","status":"publish","type":"page","link":"https:\/\/www.gleamcollection.com\/bomonti\/gleam-bar-bistro\/","title":{"rendered":"Gleam Restaurant &#038; Lobby Bar"},"content":{"rendered":"<div class=\"wpb-content-wrapper\"><p>[vc_row css=&#8221;.vc_custom_1579766401708{padding-top: 0px !important;padding-bottom: 0px !important;}&#8221; el_id=&#8221;desktop&#8221;][vc_column offset=&#8221;vc_hidden-md vc_hidden-sm vc_hidden-xs&#8221;][vc_row_inner equal_height=&#8221;yes&#8221; content_placement=&#8221;middle&#8221; row_content_width=&#8221;grid&#8221;][vc_column_inner css=&#8221;.vc_custom_1770274969997{padding-top: 100px !important;padding-bottom: 20px !important;}&#8221;]<div class=\"qodef-section-title-holder  qodef-st-standard qodef-st-title-left  qodef-st-normal-space  \" >\n\t<div class=\"qodef-st-inner\">\n                    <span class=\"qodef-st-subtitle\" >\n                Bar            <\/span>\n        \t\t\t\t\t<h2 class=\"qodef-st-title\" style=\"color: #0b8591\">\n\t\t\t\tGleam Restaurant &amp; Lobby Bar\t\t\t<\/h2>\n\t\t\t\t\t<\/div>\n<\/div>[vc_column_text]Gleam Restaurant\u2019da g\u00fcne g\u00fczel bir ba\u015flang\u0131\u00e7 yapmak i\u00e7in a\u00e7\u0131k b\u00fcfe kahvalt\u0131 hizmetimizden yararlanabilirsiniz. Restaurant\u0131m\u0131z g\u00fcn i\u00e7erisinde d\u00fcnya mutfa\u011f\u0131n\u0131n se\u00e7kin lezzetlerini misafirlerimize sunmaktan gurur duyar. \u015eeflerimiz taraf\u0131ndan \u00f6zenle haz\u0131rlanan men\u00fcm\u00fcz her damak zevkine hitap etmektedir.[\/vc_column_text][vc_masonry_media_grid element_width=&#8221;3&#8243; item=&#8221;mediaGrid_Default&#8221; initial_loading_animation=&#8221;fadeIn&#8221; grid_id=&#8221;vc_gid:1770276233445-ff6fc2d1-039c-4&#8243; include=&#8221;6502,6506,6508,6510,6610,6612,6614,6616&#8243; css=&#8221;.vc_custom_1721222398012{margin-top: 50px !important;}&#8221;][\/vc_column_inner][\/vc_row_inner][vc_row_inner equal_height=&#8221;yes&#8221; content_placement=&#8221;middle&#8221; row_content_width=&#8221;grid&#8221; content_text_aligment=&#8221;center&#8221;][vc_column_inner width=&#8221;1\/3&#8243; css=&#8221;.vc_custom_1770274914885{padding-top: 30px !important;padding-bottom: 100px !important;}&#8221;]<a itemprop=\"url\" href=\"https:\/\/www.gleamcollection.com\/bomonti\/doc\/GleamBomontiBarBistro_DrinkMenu.pdf\" target=\"_blank\" style=\"color: #ffffff;border-color: #98834e\" class=\"qodef-btn qodef-btn-medium qodef-btn-solid qodef-btn-custom-hover-bg qodef-btn-custom-hover-color\" data-hover-color=\"#98834e\" >\n    <span class=\"qodef-btn-text-wrapper\">\n        <span class=\"qodef-btn-text\">Bar Men\u00fc<\/span>\n            <\/span>\n    <span class=\"qodef-btn-bgrnd-wrapper\">\n        <span class=\"qodef-btn-bgrnd-idle\" style=\"background-color: #98834e\"><\/span>\n        <span class=\"qodef-btn-bgrnd-hover\" style=\"background-color: #ffffff\"><\/span>\n    <\/span>\n<\/a>[\/vc_column_inner][vc_column_inner width=&#8221;1\/3&#8243; css=&#8221;.vc_custom_1770276282448{padding-top: 30px !important;padding-bottom: 100px !important;}&#8221;]<a itemprop=\"url\" href=\"https:\/\/www.gleamcollection.com\/bomonti\/doc\/GleamBomontiLounge_FoodMenu.pdf\" target=\"_blank\" style=\"color: #ffffff;border-color: #98834e\" class=\"qodef-btn qodef-btn-medium qodef-btn-solid qodef-btn-custom-hover-bg qodef-btn-custom-hover-color\" data-hover-color=\"#98834e\" >\n    <span class=\"qodef-btn-text-wrapper\">\n        <span class=\"qodef-btn-text\">Restoran Men\u00fc<\/span>\n            <\/span>\n    <span class=\"qodef-btn-bgrnd-wrapper\">\n        <span class=\"qodef-btn-bgrnd-idle\" style=\"background-color: #98834e\"><\/span>\n        <span class=\"qodef-btn-bgrnd-hover\" style=\"background-color: #ffffff\"><\/span>\n    <\/span>\n<\/a>[\/vc_column_inner][vc_column_inner width=&#8221;1\/3&#8243; css=&#8221;.vc_custom_1770276289984{padding-top: 30px !important;padding-bottom: 100px !important;}&#8221;]<a itemprop=\"url\" href=\"https:\/\/www.gleamcollection.com\/bomonti\/doc\/GleamLounge_BreakfastMenu.pdf\" target=\"_blank\" style=\"color: #ffffff;border-color: #98834e\" class=\"qodef-btn qodef-btn-medium qodef-btn-solid qodef-btn-custom-hover-bg qodef-btn-custom-hover-color\" data-hover-color=\"#98834e\" >\n    <span class=\"qodef-btn-text-wrapper\">\n        <span class=\"qodef-btn-text\">Kahvalt\u0131 Men\u00fc<\/span>\n            <\/span>\n    <span class=\"qodef-btn-bgrnd-wrapper\">\n        <span class=\"qodef-btn-bgrnd-idle\" style=\"background-color: #98834e\"><\/span>\n        <span class=\"qodef-btn-bgrnd-hover\" style=\"background-color: #ffffff\"><\/span>\n    <\/span>\n<\/a>[\/vc_column_inner][\/vc_row_inner][\/vc_column][\/vc_row][vc_row css=&#8221;.vc_custom_1579766412805{padding-top: 0px !important;padding-bottom: 0px !important;}&#8221; el_id=&#8221;taby&#8221;][vc_column offset=&#8221;vc_hidden-lg vc_hidden-sm vc_hidden-xs&#8221;][vc_row_inner equal_height=&#8221;yes&#8221; content_placement=&#8221;middle&#8221; row_content_width=&#8221;grid&#8221;][vc_column_inner css=&#8221;.vc_custom_1770274979644{padding-top: 100px !important;padding-bottom: 20px !important;}&#8221;]<div class=\"qodef-section-title-holder  qodef-st-standard qodef-st-title-left  qodef-st-normal-space  \" >\n\t<div class=\"qodef-st-inner\">\n                    <span class=\"qodef-st-subtitle\" >\n                Bar            <\/span>\n        \t\t\t\t\t<h2 class=\"qodef-st-title\" style=\"color: #0b8591\">\n\t\t\t\tGleam Restaurant &amp; Lobby Bar\t\t\t<\/h2>\n\t\t\t\t\t<\/div>\n<\/div>[vc_column_text]Gleam Restaurant\u2019da g\u00fcne g\u00fczel bir ba\u015flang\u0131\u00e7 yapmak i\u00e7in a\u00e7\u0131k b\u00fcfe kahvalt\u0131 hizmetimizden yararlanabilirsiniz. Restaurant\u0131m\u0131z g\u00fcn i\u00e7erisinde d\u00fcnya mutfa\u011f\u0131n\u0131n se\u00e7kin lezzetlerini misafirlerimize sunmaktan gurur duyar. \u015eeflerimiz taraf\u0131ndan \u00f6zenle haz\u0131rlanan men\u00fcm\u00fcz her damak zevkine hitap etmektedir.[\/vc_column_text][vc_masonry_media_grid element_width=&#8221;6&#8243; grid_id=&#8221;vc_gid:1770276233451-0d0ca0dd-0c79-8&#8243; include=&#8221;6479,6483,6485,6487,6610,6612,6614,6616&#8243; css=&#8221;.vc_custom_1721222442674{margin-top: 50px !important;}&#8221;][\/vc_column_inner][\/vc_row_inner][vc_row_inner equal_height=&#8221;yes&#8221; content_placement=&#8221;middle&#8221; row_content_width=&#8221;grid&#8221; content_text_aligment=&#8221;center&#8221;][vc_column_inner css=&#8221;.vc_custom_1770274988468{padding-top: 30px !important;padding-bottom: 100px !important;}&#8221;]<a itemprop=\"url\" href=\"https:\/\/www.gleamcollection.com\/bomonti\/doc\/GleamBomontiBarBistro_DrinkMenu.pdf\" target=\"_blank\" style=\"color: #ffffff;border-color: #98834e\" class=\"qodef-btn qodef-btn-medium qodef-btn-solid qodef-btn-custom-hover-bg qodef-btn-custom-hover-color\" data-hover-color=\"#98834e\" >\n    <span class=\"qodef-btn-text-wrapper\">\n        <span class=\"qodef-btn-text\">Bar Men\u00fc<\/span>\n            <\/span>\n    <span class=\"qodef-btn-bgrnd-wrapper\">\n        <span class=\"qodef-btn-bgrnd-idle\" style=\"background-color: #98834e\"><\/span>\n        <span class=\"qodef-btn-bgrnd-hover\" style=\"background-color: #ffffff\"><\/span>\n    <\/span>\n<\/a><a itemprop=\"url\" href=\"https:\/\/www.gleamcollection.com\/bomonti\/doc\/GleamBomontiLounge_FoodMenu.pdf\" target=\"_blank\" style=\"color: #ffffff;border-color: #98834e\" class=\"qodef-btn qodef-btn-medium qodef-btn-solid qodef-btn-custom-hover-bg qodef-btn-custom-hover-color\" data-hover-color=\"#98834e\" >\n    <span class=\"qodef-btn-text-wrapper\">\n        <span class=\"qodef-btn-text\">Restoran Men\u00fc<\/span>\n            <\/span>\n    <span class=\"qodef-btn-bgrnd-wrapper\">\n        <span class=\"qodef-btn-bgrnd-idle\" style=\"background-color: #98834e\"><\/span>\n        <span class=\"qodef-btn-bgrnd-hover\" style=\"background-color: #ffffff\"><\/span>\n    <\/span>\n<\/a><a itemprop=\"url\" href=\"https:\/\/www.gleamcollection.com\/bomonti\/doc\/GleamLounge_BreakfastMenu.pdf\" target=\"_blank\" style=\"color: #ffffff;border-color: #98834e\" class=\"qodef-btn qodef-btn-medium qodef-btn-solid qodef-btn-custom-hover-bg qodef-btn-custom-hover-color\" data-hover-color=\"#98834e\" >\n    <span class=\"qodef-btn-text-wrapper\">\n        <span class=\"qodef-btn-text\">Kahvalt\u0131 Men\u00fc<\/span>\n            <\/span>\n    <span class=\"qodef-btn-bgrnd-wrapper\">\n        <span class=\"qodef-btn-bgrnd-idle\" style=\"background-color: #98834e\"><\/span>\n        <span class=\"qodef-btn-bgrnd-hover\" style=\"background-color: #ffffff\"><\/span>\n    <\/span>\n<\/a>[\/vc_column_inner][\/vc_row_inner][\/vc_column][\/vc_row]<\/p>\n<\/div>","protected":false},"excerpt":{"rendered":"<p>[vc_row css=&#8221;.vc_custom_1579766401708{padding-top: 0px !important;padding-bottom: 0px !important;}&#8221; el_id=&#8221;desktop&#8221;][vc_column offset=&#8221;vc_hidden-md vc_hidden-sm vc_hidden-xs&#8221;][vc_row_inner equal_height=&#8221;yes&#8221; content_placement=&#8221;middle&#8221; row_content_width=&#8221;grid&#8221;][vc_column_inner css=&#8221;.vc_custom_1770274969997{padding-top: 100px !important;padding-bottom: 20px !important;}&#8221;][vc_column_text]Gleam Restaurant\u2019da g\u00fcne g\u00fczel bir ba\u015flang\u0131\u00e7 yapmak i\u00e7in a\u00e7\u0131k b\u00fcfe kahvalt\u0131 hizmetimizden yararlanabilirsiniz. Restaurant\u0131m\u0131z g\u00fcn i\u00e7erisinde d\u00fcnya mutfa\u011f\u0131n\u0131n se\u00e7kin lezzetlerini misafirlerimize sunmaktan gurur [&hellip;]<\/p>\n","protected":false},"author":2,"featured_media":0,"parent":0,"menu_order":0,"comment_status":"closed","ping_status":"closed","template":"full-width.php","meta":{"footnotes":""},"class_list":["post-5739","page","type-page","status-publish","hentry"],"yoast_head":"<!-- This site is optimized with the Yoast SEO plugin v27.1.1 - https:\/\/yoast.com\/product\/yoast-seo-wordpress\/ -->\n<title>Gleam Restaurant &amp; Lobby Bar - Gleam Collection<\/title>\n<meta name=\"robots\" content=\"index, follow, max-snippet:-1, max-image-preview:large, max-video-preview:-1\" \/>\n<link rel=\"canonical\" href=\"https:\/\/www.gleamcollection.com\/bomonti\/gleam-bar-bistro\/\" \/>\n<meta property=\"og:locale\" content=\"tr_TR\" \/>\n<meta property=\"og:type\" content=\"article\" \/>\n<meta property=\"og:title\" content=\"Gleam Restaurant &amp; Lobby Bar - Gleam Collection\" \/>\n<meta property=\"og:description\" content=\"[vc_row css=&#8221;.vc_custom_1579766401708{padding-top: 0px !important;padding-bottom: 0px !important;}&#8221; el_id=&#8221;desktop&#8221;][vc_column offset=&#8221;vc_hidden-md vc_hidden-sm vc_hidden-xs&#8221;][vc_row_inner equal_height=&#8221;yes&#8221; content_placement=&#8221;middle&#8221; row_content_width=&#8221;grid&#8221;][vc_column_inner css=&#8221;.vc_custom_1770274969997{padding-top: 100px !important;padding-bottom: 20px !important;}&#8221;][vc_column_text]Gleam Restaurant\u2019da g\u00fcne g\u00fczel bir ba\u015flang\u0131\u00e7 yapmak i\u00e7in a\u00e7\u0131k b\u00fcfe kahvalt\u0131 hizmetimizden yararlanabilirsiniz. Restaurant\u0131m\u0131z g\u00fcn i\u00e7erisinde d\u00fcnya mutfa\u011f\u0131n\u0131n se\u00e7kin lezzetlerini misafirlerimize sunmaktan gurur [&hellip;]\" \/>\n<meta property=\"og:url\" content=\"https:\/\/www.gleamcollection.com\/bomonti\/gleam-bar-bistro\/\" \/>\n<meta property=\"og:site_name\" content=\"Gleam Collection\" \/>\n<meta property=\"article:modified_time\" content=\"2026-02-05T07:24:50+00:00\" \/>\n<meta name=\"twitter:card\" content=\"summary_large_image\" \/>\n<meta name=\"twitter:label1\" content=\"Tahmini okuma s\u00fcresi\" \/>\n\t<meta name=\"twitter:data1\" content=\"5 dakika\" \/>\n<script type=\"application\/ld+json\" class=\"yoast-schema-graph\">{\"@context\":\"https:\/\/schema.org\",\"@graph\":[{\"@type\":\"WebPage\",\"@id\":\"https:\/\/www.gleamcollection.com\/bomonti\/gleam-bar-bistro\/\",\"url\":\"https:\/\/www.gleamcollection.com\/bomonti\/gleam-bar-bistro\/\",\"name\":\"Gleam Restaurant & Lobby Bar - Gleam Collection\",\"isPartOf\":{\"@id\":\"https:\/\/www.gleamcollection.com\/bomonti\/#website\"},\"datePublished\":\"2022-11-30T16:46:32+00:00\",\"dateModified\":\"2026-02-05T07:24:50+00:00\",\"inLanguage\":\"tr\",\"potentialAction\":[{\"@type\":\"ReadAction\",\"target\":[\"https:\/\/www.gleamcollection.com\/bomonti\/gleam-bar-bistro\/\"]}]},{\"@type\":\"WebSite\",\"@id\":\"https:\/\/www.gleamcollection.com\/bomonti\/#website\",\"url\":\"https:\/\/www.gleamcollection.com\/bomonti\/\",\"name\":\"Gleam Collection\",\"description\":\"\",\"potentialAction\":[{\"@type\":\"SearchAction\",\"target\":{\"@type\":\"EntryPoint\",\"urlTemplate\":\"https:\/\/www.gleamcollection.com\/bomonti\/?s={search_term_string}\"},\"query-input\":{\"@type\":\"PropertyValueSpecification\",\"valueRequired\":true,\"valueName\":\"search_term_string\"}}],\"inLanguage\":\"tr\"}]}<\/script>\n<!-- \/ Yoast SEO plugin. -->","yoast_head_json":{"title":"Gleam Restaurant & Lobby Bar - Gleam Collection","robots":{"index":"index","follow":"follow","max-snippet":"max-snippet:-1","max-image-preview":"max-image-preview:large","max-video-preview":"max-video-preview:-1"},"canonical":"https:\/\/www.gleamcollection.com\/bomonti\/gleam-bar-bistro\/","og_locale":"tr_TR","og_type":"article","og_title":"Gleam Restaurant & Lobby Bar - Gleam Collection","og_description":"[vc_row css=&#8221;.vc_custom_1579766401708{padding-top: 0px !important;padding-bottom: 0px !important;}&#8221; el_id=&#8221;desktop&#8221;][vc_column offset=&#8221;vc_hidden-md vc_hidden-sm vc_hidden-xs&#8221;][vc_row_inner equal_height=&#8221;yes&#8221; content_placement=&#8221;middle&#8221; row_content_width=&#8221;grid&#8221;][vc_column_inner css=&#8221;.vc_custom_1770274969997{padding-top: 100px !important;padding-bottom: 20px !important;}&#8221;][vc_column_text]Gleam Restaurant\u2019da g\u00fcne g\u00fczel bir ba\u015flang\u0131\u00e7 yapmak i\u00e7in a\u00e7\u0131k b\u00fcfe kahvalt\u0131 hizmetimizden yararlanabilirsiniz. Restaurant\u0131m\u0131z g\u00fcn i\u00e7erisinde d\u00fcnya mutfa\u011f\u0131n\u0131n se\u00e7kin lezzetlerini misafirlerimize sunmaktan gurur [&hellip;]","og_url":"https:\/\/www.gleamcollection.com\/bomonti\/gleam-bar-bistro\/","og_site_name":"Gleam Collection","article_modified_time":"2026-02-05T07:24:50+00:00","twitter_card":"summary_large_image","twitter_misc":{"Tahmini okuma s\u00fcresi":"5 dakika"},"schema":{"@context":"https:\/\/schema.org","@graph":[{"@type":"WebPage","@id":"https:\/\/www.gleamcollection.com\/bomonti\/gleam-bar-bistro\/","url":"https:\/\/www.gleamcollection.com\/bomonti\/gleam-bar-bistro\/","name":"Gleam Restaurant & Lobby Bar - Gleam Collection","isPartOf":{"@id":"https:\/\/www.gleamcollection.com\/bomonti\/#website"},"datePublished":"2022-11-30T16:46:32+00:00","dateModified":"2026-02-05T07:24:50+00:00","inLanguage":"tr","potentialAction":[{"@type":"ReadAction","target":["https:\/\/www.gleamcollection.com\/bomonti\/gleam-bar-bistro\/"]}]},{"@type":"WebSite","@id":"https:\/\/www.gleamcollection.com\/bomonti\/#website","url":"https:\/\/www.gleamcollection.com\/bomonti\/","name":"Gleam Collection","description":"","potentialAction":[{"@type":"SearchAction","target":{"@type":"EntryPoint","urlTemplate":"https:\/\/www.gleamcollection.com\/bomonti\/?s={search_term_string}"},"query-input":{"@type":"PropertyValueSpecification","valueRequired":true,"valueName":"search_term_string"}}],"inLanguage":"tr"}]}},"_links":{"self":[{"href":"https:\/\/www.gleamcollection.com\/bomonti\/wp-json\/wp\/v2\/pages\/5739","targetHints":{"allow":["GET"]}}],"collection":[{"href":"https:\/\/www.gleamcollection.com\/bomonti\/wp-json\/wp\/v2\/pages"}],"about":[{"href":"https:\/\/www.gleamcollection.com\/bomonti\/wp-json\/wp\/v2\/types\/page"}],"author":[{"embeddable":true,"href":"https:\/\/www.gleamcollection.com\/bomonti\/wp-json\/wp\/v2\/users\/2"}],"replies":[{"embeddable":true,"href":"https:\/\/www.gleamcollection.com\/bomonti\/wp-json\/wp\/v2\/comments?post=5739"}],"version-history":[{"count":34,"href":"https:\/\/www.gleamcollection.com\/bomonti\/wp-json\/wp\/v2\/pages\/5739\/revisions"}],"predecessor-version":[{"id":6859,"href":"https:\/\/www.gleamcollection.com\/bomonti\/wp-json\/wp\/v2\/pages\/5739\/revisions\/6859"}],"wp:attachment":[{"href":"https:\/\/www.gleamcollection.com\/bomonti\/wp-json\/wp\/v2\/media?parent=5739"}],"curies":[{"name":"wp","href":"https:\/\/api.w.org\/{rel}","templated":true}]}}