{"id":4022,"date":"2020-01-23T08:42:09","date_gmt":"2020-01-23T08:42:09","guid":{"rendered":"\/?page_id=4022"},"modified":"2024-08-08T21:38:39","modified_gmt":"2024-08-08T18:38:39","slug":"spa-saglik-kulubu","status":"publish","type":"page","link":"https:\/\/www.gleamcollection.com\/bomonti\/spa-saglik-kulubu\/","title":{"rendered":"GLEAM SPA &#038; FITNESS"},"content":{"rendered":"<div class=\"wpb-content-wrapper\"><p>[vc_row][vc_column css=&#8221;.vc_custom_1668781717777{margin-top: 5px !important;}&#8221;][vc_row_inner row_content_width=&#8221;grid&#8221;][vc_column_inner css=&#8221;.vc_custom_1669877611188{margin-top: 50px !important;margin-bottom: 50px !important;}&#8221;]<div class=\"qodef-section-title-holder  qodef-st-standard qodef-st-title-left  qodef-st-normal-space  \" >\n\t<div class=\"qodef-st-inner\">\n                    <span class=\"qodef-st-subtitle\" >\n                Ke\u015ffedin            <\/span>\n        \t\t\t\t\t<h2 class=\"qodef-st-title\" style=\"color: #0b8591\">\n\t\t\t\tGLEAM SPA &amp; FITNESS\t\t\t<\/h2>\n\t\t\t\t\t<\/div>\n<\/div>[vc_column_text]<span style=\"font-weight: 400;\">Clean Spa &amp; Fitness, modern ya\u015fam\u0131n yo\u011fun temposunda rahatlama ve yenilenme aray\u0131\u015f\u0131nda olanlar i\u00e7in m\u00fckemmel bir ka\u00e7\u0131\u015f noktas\u0131d\u0131r. Bu sakin alanlar, bedenin ve zihnin dengesini yeniden bulmas\u0131n\u0131 sa\u011flar.<\/span><\/p>\n<p><span style=\"font-weight: 400;\"> Spa merkezlerinde sunulan masaj terapileri ve aromaterapi seanslar\u0131 stres ve yorgunlu\u011fun etkilerini hafifletmeye ve ki\u015filerin kendilerini daha iyi hissetmelerine yard\u0131mc\u0131 olur.<\/span><span style=\"font-weight: 400;\">Clean Spa&#8217;da masaj odalar\u0131, sauna, buhar odas\u0131, T\u00fcrk Hamam\u0131 ve fitness salonu bulunmaktad\u0131r.<\/span>[\/vc_column_text][vc_masonry_media_grid style=&#8221;lazy&#8221; item=&#8221;mediaGrid_Default&#8221; grid_id=&#8221;vc_gid:1723142292655-7dc55e37-8c2b-3&#8243; include=&#8221;6732,6734,6736,6741,6743,6745,6747,6749,6751&#8243; css=&#8221;.vc_custom_1723142317339{margin-top: 20px !important;}&#8221;][\/vc_column_inner][\/vc_row_inner][\/vc_column][\/vc_row]<\/p>\n<\/div>","protected":false},"excerpt":{"rendered":"<p>[vc_row][vc_column css=&#8221;.vc_custom_1668781717777{margin-top: 5px !important;}&#8221;][vc_row_inner row_content_width=&#8221;grid&#8221;][vc_column_inner css=&#8221;.vc_custom_1669877611188{margin-top: 50px !important;margin-bottom: 50px !important;}&#8221;][vc_column_text]Clean Spa &amp; Fitness, modern ya\u015fam\u0131n yo\u011fun temposunda rahatlama ve yenilenme aray\u0131\u015f\u0131nda olanlar i\u00e7in m\u00fckemmel bir ka\u00e7\u0131\u015f noktas\u0131d\u0131r. Bu sakin alanlar, bedenin ve zihnin dengesini yeniden bulmas\u0131n\u0131 sa\u011flar. Spa merkezlerinde sunulan [&hellip;]<\/p>\n","protected":false},"author":2,"featured_media":0,"parent":0,"menu_order":0,"comment_status":"closed","ping_status":"closed","template":"full-width.php","meta":{"footnotes":""},"class_list":["post-4022","page","type-page","status-publish","hentry"],"yoast_head":"<!-- This site is optimized with the Yoast SEO plugin v27.1.1 - https:\/\/yoast.com\/product\/yoast-seo-wordpress\/ -->\n<title>GLEAM SPA &amp; FITNESS - Gleam Collection<\/title>\n<meta name=\"robots\" content=\"index, follow, max-snippet:-1, max-image-preview:large, max-video-preview:-1\" \/>\n<link rel=\"canonical\" href=\"https:\/\/www.gleamcollection.com\/bomonti\/spa-saglik-kulubu\/\" \/>\n<meta property=\"og:locale\" content=\"tr_TR\" \/>\n<meta property=\"og:type\" content=\"article\" \/>\n<meta property=\"og:title\" content=\"GLEAM SPA &amp; FITNESS - Gleam Collection\" \/>\n<meta property=\"og:description\" content=\"[vc_row][vc_column css=&#8221;.vc_custom_1668781717777{margin-top: 5px !important;}&#8221;][vc_row_inner row_content_width=&#8221;grid&#8221;][vc_column_inner css=&#8221;.vc_custom_1669877611188{margin-top: 50px !important;margin-bottom: 50px !important;}&#8221;][vc_column_text]Clean Spa &amp; Fitness, modern ya\u015fam\u0131n yo\u011fun temposunda rahatlama ve yenilenme aray\u0131\u015f\u0131nda olanlar i\u00e7in m\u00fckemmel bir ka\u00e7\u0131\u015f noktas\u0131d\u0131r. Bu sakin alanlar, bedenin ve zihnin dengesini yeniden bulmas\u0131n\u0131 sa\u011flar. Spa merkezlerinde sunulan [&hellip;]\" \/>\n<meta property=\"og:url\" content=\"https:\/\/www.gleamcollection.com\/bomonti\/spa-saglik-kulubu\/\" \/>\n<meta property=\"og:site_name\" content=\"Gleam Collection\" \/>\n<meta property=\"article:modified_time\" content=\"2024-08-08T18:38:39+00:00\" \/>\n<meta name=\"twitter:card\" content=\"summary_large_image\" \/>\n<meta name=\"twitter:label1\" content=\"Tahmini okuma s\u00fcresi\" \/>\n\t<meta name=\"twitter:data1\" content=\"1 dakika\" \/>\n<script type=\"application\/ld+json\" class=\"yoast-schema-graph\">{\"@context\":\"https:\/\/schema.org\",\"@graph\":[{\"@type\":\"WebPage\",\"@id\":\"https:\/\/www.gleamcollection.com\/bomonti\/spa-saglik-kulubu\/\",\"url\":\"https:\/\/www.gleamcollection.com\/bomonti\/spa-saglik-kulubu\/\",\"name\":\"GLEAM SPA & FITNESS - Gleam Collection\",\"isPartOf\":{\"@id\":\"https:\/\/www.gleamcollection.com\/bomonti\/#website\"},\"datePublished\":\"2020-01-23T08:42:09+00:00\",\"dateModified\":\"2024-08-08T18:38:39+00:00\",\"inLanguage\":\"tr\",\"potentialAction\":[{\"@type\":\"ReadAction\",\"target\":[\"https:\/\/www.gleamcollection.com\/bomonti\/spa-saglik-kulubu\/\"]}]},{\"@type\":\"WebSite\",\"@id\":\"https:\/\/www.gleamcollection.com\/bomonti\/#website\",\"url\":\"https:\/\/www.gleamcollection.com\/bomonti\/\",\"name\":\"Gleam Collection\",\"description\":\"\",\"potentialAction\":[{\"@type\":\"SearchAction\",\"target\":{\"@type\":\"EntryPoint\",\"urlTemplate\":\"https:\/\/www.gleamcollection.com\/bomonti\/?s={search_term_string}\"},\"query-input\":{\"@type\":\"PropertyValueSpecification\",\"valueRequired\":true,\"valueName\":\"search_term_string\"}}],\"inLanguage\":\"tr\"}]}<\/script>\n<!-- \/ Yoast SEO plugin. -->","yoast_head_json":{"title":"GLEAM SPA & FITNESS - Gleam Collection","robots":{"index":"index","follow":"follow","max-snippet":"max-snippet:-1","max-image-preview":"max-image-preview:large","max-video-preview":"max-video-preview:-1"},"canonical":"https:\/\/www.gleamcollection.com\/bomonti\/spa-saglik-kulubu\/","og_locale":"tr_TR","og_type":"article","og_title":"GLEAM SPA & FITNESS - Gleam Collection","og_description":"[vc_row][vc_column css=&#8221;.vc_custom_1668781717777{margin-top: 5px !important;}&#8221;][vc_row_inner row_content_width=&#8221;grid&#8221;][vc_column_inner css=&#8221;.vc_custom_1669877611188{margin-top: 50px !important;margin-bottom: 50px !important;}&#8221;][vc_column_text]Clean Spa &amp; Fitness, modern ya\u015fam\u0131n yo\u011fun temposunda rahatlama ve yenilenme aray\u0131\u015f\u0131nda olanlar i\u00e7in m\u00fckemmel bir ka\u00e7\u0131\u015f noktas\u0131d\u0131r. Bu sakin alanlar, bedenin ve zihnin dengesini yeniden bulmas\u0131n\u0131 sa\u011flar. Spa merkezlerinde sunulan [&hellip;]","og_url":"https:\/\/www.gleamcollection.com\/bomonti\/spa-saglik-kulubu\/","og_site_name":"Gleam Collection","article_modified_time":"2024-08-08T18:38:39+00:00","twitter_card":"summary_large_image","twitter_misc":{"Tahmini okuma s\u00fcresi":"1 dakika"},"schema":{"@context":"https:\/\/schema.org","@graph":[{"@type":"WebPage","@id":"https:\/\/www.gleamcollection.com\/bomonti\/spa-saglik-kulubu\/","url":"https:\/\/www.gleamcollection.com\/bomonti\/spa-saglik-kulubu\/","name":"GLEAM SPA & FITNESS - Gleam Collection","isPartOf":{"@id":"https:\/\/www.gleamcollection.com\/bomonti\/#website"},"datePublished":"2020-01-23T08:42:09+00:00","dateModified":"2024-08-08T18:38:39+00:00","inLanguage":"tr","potentialAction":[{"@type":"ReadAction","target":["https:\/\/www.gleamcollection.com\/bomonti\/spa-saglik-kulubu\/"]}]},{"@type":"WebSite","@id":"https:\/\/www.gleamcollection.com\/bomonti\/#website","url":"https:\/\/www.gleamcollection.com\/bomonti\/","name":"Gleam Collection","description":"","potentialAction":[{"@type":"SearchAction","target":{"@type":"EntryPoint","urlTemplate":"https:\/\/www.gleamcollection.com\/bomonti\/?s={search_term_string}"},"query-input":{"@type":"PropertyValueSpecification","valueRequired":true,"valueName":"search_term_string"}}],"inLanguage":"tr"}]}},"_links":{"self":[{"href":"https:\/\/www.gleamcollection.com\/bomonti\/wp-json\/wp\/v2\/pages\/4022","targetHints":{"allow":["GET"]}}],"collection":[{"href":"https:\/\/www.gleamcollection.com\/bomonti\/wp-json\/wp\/v2\/pages"}],"about":[{"href":"https:\/\/www.gleamcollection.com\/bomonti\/wp-json\/wp\/v2\/types\/page"}],"author":[{"embeddable":true,"href":"https:\/\/www.gleamcollection.com\/bomonti\/wp-json\/wp\/v2\/users\/2"}],"replies":[{"embeddable":true,"href":"https:\/\/www.gleamcollection.com\/bomonti\/wp-json\/wp\/v2\/comments?post=4022"}],"version-history":[{"count":35,"href":"https:\/\/www.gleamcollection.com\/bomonti\/wp-json\/wp\/v2\/pages\/4022\/revisions"}],"predecessor-version":[{"id":6767,"href":"https:\/\/www.gleamcollection.com\/bomonti\/wp-json\/wp\/v2\/pages\/4022\/revisions\/6767"}],"wp:attachment":[{"href":"https:\/\/www.gleamcollection.com\/bomonti\/wp-json\/wp\/v2\/media?parent=4022"}],"curies":[{"name":"wp","href":"https:\/\/api.w.org\/{rel}","templated":true}]}}