{"id":6631,"date":"2018-04-19T07:43:22","date_gmt":"2018-04-19T07:43:22","guid":{"rendered":"https:\/\/www.gleamcollection.com\/bomonti\/iletisim\/"},"modified":"2024-08-08T21:51:26","modified_gmt":"2024-08-08T18:51:26","slug":"contact-us","status":"publish","type":"page","link":"https:\/\/www.gleamcollection.com\/bomonti\/en\/contact-us\/","title":{"rendered":"CONTACT US"},"content":{"rendered":"<div class=\"wpb-content-wrapper\"><p>[vc_row gap=&#8221;35&#8243; equal_height=&#8221;yes&#8221; content_placement=&#8221;middle&#8221; row_content_width=&#8221;grid&#8221; el_id=&#8221;desktop&#8221;][vc_column offset=&#8221;vc_col-lg-6 vc_hidden-lg vc_col-md-12 vc_hidden-md vc_hidden-sm vc_col-xs-12 vc_hidden-xs&#8221; css=&#8221;.vc_custom_1670951585099{padding-top: 81px !important;padding-bottom: 77px !important;}&#8221;]<div class=\"qodef-elements-holder   qodef-one-column  qodef-responsive-mode-768 \" ><div class=\"qodef-eh-item qodef-main-home-default-form   \"  data-item-class=\"qodef-eh-custom-9413\">\n\t<div class=\"qodef-eh-item-inner\">\n\t\t<div class=\"qodef-eh-item-content qodef-eh-custom-9413\" style=\"padding: 10px 2.7% 0 0\">\n\t\t\t\n<div class=\"wpcf7 no-js\" id=\"wpcf7-f4040-o1\" lang=\"en-US\" dir=\"ltr\" data-wpcf7-id=\"4040\">\n<div class=\"screen-reader-response\"><p role=\"status\" aria-live=\"polite\" aria-atomic=\"true\"><\/p> <ul><\/ul><\/div>\n<form action=\"\/bomonti\/en\/wp-json\/wp\/v2\/pages\/6631#wpcf7-f4040-o1\" method=\"post\" class=\"wpcf7-form init\" aria-label=\"Contact form\" novalidate=\"novalidate\" data-status=\"init\">\n<fieldset class=\"hidden-fields-container\"><input type=\"hidden\" name=\"_wpcf7\" value=\"4040\" \/><input type=\"hidden\" name=\"_wpcf7_version\" value=\"6.1.5\" \/><input type=\"hidden\" name=\"_wpcf7_locale\" value=\"en_US\" \/><input type=\"hidden\" name=\"_wpcf7_unit_tag\" value=\"wpcf7-f4040-o1\" \/><input type=\"hidden\" name=\"_wpcf7_container_post\" value=\"0\" \/><input type=\"hidden\" name=\"_wpcf7_posted_data_hash\" value=\"\" \/><input type=\"hidden\" name=\"_wpcf7_recaptcha_response\" value=\"\" \/>\n<\/fieldset>\n<div class=\"qodef-main-home-default-form\">\n\t<p><span class=\"wpcf7-form-control-wrap\" data-name=\"your-name\"><input size=\"40\" maxlength=\"400\" class=\"wpcf7-form-control wpcf7-text wpcf7-validates-as-required\" aria-required=\"true\" aria-invalid=\"false\" placeholder=\"Ad Soyad\" value=\"\" type=\"text\" name=\"your-name\" \/><\/span>\n\t<\/p>\n\t<p><span class=\"wpcf7-form-control-wrap\" data-name=\"your-email\"><input size=\"40\" maxlength=\"400\" class=\"wpcf7-form-control wpcf7-email wpcf7-validates-as-required wpcf7-text wpcf7-validates-as-email\" aria-required=\"true\" aria-invalid=\"false\" placeholder=\"E-mail\" value=\"\" type=\"email\" name=\"your-email\" \/><\/span>\n\t<\/p>\n\t<p><span class=\"wpcf7-form-control-wrap\" data-name=\"your-message\"><textarea cols=\"40\" rows=\"10\" maxlength=\"2000\" class=\"wpcf7-form-control wpcf7-textarea wpcf7-validates-as-required\" aria-required=\"true\" aria-invalid=\"false\" placeholder=\"Mesaj\" name=\"your-message\"><\/textarea><\/span>\n\t<\/p>\n\t<p><span class=\"wpcf7-form-control-wrap\" data-name=\"pdpp\"><span class=\"wpcf7-form-control wpcf7-acceptance\"><span class=\"wpcf7-list-item\"><label><input type=\"checkbox\" name=\"pdpp\" value=\"1\" aria-invalid=\"false\" \/><span class=\"wpcf7-list-item-label\"><a href=\"\/tr\/aydinlatma-metni\/\" target=\"_blank\">Ayd\u0131nlatma Metni<\/a>'ni okudum, onayl\u0131yorum.<\/span><\/label><\/span><\/span><\/span><br \/>\n<span class=\"wpcf7-form-control-wrap\" data-name=\"ct\"><span class=\"wpcf7-form-control wpcf7-acceptance\"><span class=\"wpcf7-list-item\"><label><input type=\"checkbox\" name=\"ct\" value=\"1\" aria-invalid=\"false\" \/><span class=\"wpcf7-list-item-label\"><a href=\"\/tr\/kisisel-verileri-koruma-politikasi\/\" target=\"_blank\">Ki\u015fisel Verileri Koruma Politikas\u0131<\/a>'n\u0131 okudum, onayl\u0131yorum.<\/span><\/label><\/span><\/span><\/span>\n\t<\/p>\n\t<div class=\"qodef-cf7-btn-wrapper qodef-fullwidth-btn\">\n\t\t<div class=\"qodef-cf7-btn-text-wrapper\">\n\t\t\t<p><input class=\"wpcf7-form-control wpcf7-submit has-spinner\" type=\"submit\" value=\"G\u00f6nder\" \/>\n\t\t\t<\/p>\n\t\t<\/div>\n\t\t<div class=\"qodef-cf7-btn-bgrnd-wrapper\">\n\t\t\t<div class=\"qodef-cf7-btn-bgrnd-idle\">\n\t\t\t<\/div>\n\t\t\t<div class=\"qodef-cf7-btn-bgrnd-hover\">\n\t\t\t<\/div>\n\t\t<\/div>\n\t<\/div>\n<\/div><p style=\"display: none !important;\" class=\"akismet-fields-container\" data-prefix=\"_wpcf7_ak_\"><label>&#916;<textarea name=\"_wpcf7_ak_hp_textarea\" cols=\"45\" rows=\"8\" maxlength=\"100\"><\/textarea><\/label><input type=\"hidden\" id=\"ak_js_1\" name=\"_wpcf7_ak_js\" value=\"243\"\/><script>document.getElementById( \"ak_js_1\" ).setAttribute( \"value\", ( new Date() ).getTime() );<\/script><\/p><div class=\"wpcf7-response-output\" aria-hidden=\"true\"><\/div>\n<\/form>\n<\/div>\n\t\t<\/div>\n\t<\/div>\n<\/div><\/div>[\/vc_column][vc_column offset=&#8221;vc_col-lg-6 vc_col-md-12 vc_hidden-md vc_hidden-sm vc_col-xs-12 vc_hidden-xs&#8221; css=&#8221;.vc_custom_1579782180581{padding-top: 81px !important;padding-bottom: 77px !important;}&#8221;][vc_row_inner equal_height=&#8221;yes&#8221;][vc_column_inner width=&#8221;1\/2&#8243;]<div class=\"qodef-elements-holder   qodef-one-column  qodef-responsive-mode-768 \" ><div class=\"qodef-eh-item    \"  data-item-class=\"qodef-eh-custom-1143\" data-768-1024=\"0 22% 0 0\">\n\t<div class=\"qodef-eh-item-inner\">\n\t\t<div class=\"qodef-eh-item-content qodef-eh-custom-1143\" >\n\t\t\t[vc_column_text]<\/p>\n<h3 class=\"ferblue\">CONTACT<\/h3>\n<p>[\/vc_column_text][vc_empty_space height=&#8221;12px&#8221;]<div class=\"qodef-iwt clearfix ferbluehref qodef-iwt-icon-left qodef-iwt-icon-medium\">\n\t<div class=\"qodef-iwt-icon\">\n\t\t\t\t\t\t\t\t\t    <span class=\"qodef-icon-shortcode qodef-normal   qodef-icon-medium\"  >\n                    <span aria-hidden=\"true\" class=\"qodef-icon-font-elegant icon_pin qodef-icon-element\" style=\"font-size:15px\" ><\/span>            <\/span>\n\t\t\t\t\t\t<\/div>\n\t<div class=\"qodef-iwt-content\" style=\"padding-left: 12px\">\n\t\t\t\t\t\t\t<p class=\"qodef-iwt-text\" style=\"margin-top: 0px\">\n                                        Merkez Mahallesi. Huzur Sokak No: 23 \u015ei\u015fli \/ \u0130stanbul \/ T\u00fcrkiye                            <\/p>\n\t\t\t<\/div>\n<\/div>[vc_empty_space height=&#8221;5px&#8221;]<div class=\"qodef-iwt clearfix ferbluehref qodef-iwt-icon-left qodef-iwt-icon-medium\">\n\t<div class=\"qodef-iwt-icon\">\n\t\t\t\t\t<a itemprop=\"url\" href=\"tel:+905010139414\" target=\"_self\">\n\t\t\t\t\t\t\t\t\t    <span class=\"qodef-icon-shortcode qodef-normal   qodef-icon-medium\"  >\n                    <span aria-hidden=\"true\" class=\"qodef-icon-font-elegant icon_phone qodef-icon-element\" style=\"font-size:15px\" ><\/span>            <\/span>\n\t\t\t\t\t\t\t\t<\/a>\n\t\t\t<\/div>\n\t<div class=\"qodef-iwt-content\" style=\"padding-left: 12px\">\n\t\t\t\t\t\t\t<p class=\"qodef-iwt-text\" style=\"margin-top: 0px\">\n                                    <a itemprop=\"url\" href=\"tel:+905010139414\" target=\"_self\">\n                                        +90 501 013 9414                                    <\/a>\n                            <\/p>\n\t\t\t<\/div>\n<\/div>[vc_empty_space height=&#8221;5px&#8221;]<div class=\"qodef-iwt clearfix ferbluehref qodef-iwt-icon-left qodef-iwt-icon-medium\">\n\t<div class=\"qodef-iwt-icon\">\n\t\t\t\t\t<a itemprop=\"url\" href=\"mailto:info@gleambomonti.com\" target=\"_self\">\n\t\t\t\t\t\t\t\t\t    <span class=\"qodef-icon-shortcode qodef-normal   qodef-icon-medium\"  >\n                    <span aria-hidden=\"true\" class=\"qodef-icon-font-elegant icon_mail qodef-icon-element\" style=\"font-size:15px\" ><\/span>            <\/span>\n\t\t\t\t\t\t\t\t<\/a>\n\t\t\t<\/div>\n\t<div class=\"qodef-iwt-content\" style=\"padding-left: 12px\">\n\t\t\t\t\t\t\t<p class=\"qodef-iwt-text\" style=\"margin-top: 0px\">\n                                    <a itemprop=\"url\" href=\"mailto:info@gleambomonti.com\" target=\"_self\">\n                                        Mail: info@gleambomonti.com                                    <\/a>\n                            <\/p>\n\t\t\t<\/div>\n<\/div>[vc_empty_space height=&#8221;5px&#8221;]<div class=\"qodef-iwt clearfix ferbluehref qodef-iwt-icon-left qodef-iwt-icon-medium\">\n\t<div class=\"qodef-iwt-icon\">\n\t\t\t\t\t<a itemprop=\"url\" href=\"https:\/\/wa.me\/905010139414\" target=\"_self\">\n\t\t\t\t\t\t\t\t\t    <span class=\"qodef-icon-shortcode qodef-normal   qodef-icon-medium\"  >\n                    <span aria-hidden=\"true\" class=\"qodef-icon-font-elegant icon_phone qodef-icon-element\" style=\"font-size:15px\" ><\/span>            <\/span>\n\t\t\t\t\t\t\t\t<\/a>\n\t\t\t<\/div>\n\t<div class=\"qodef-iwt-content\" style=\"padding-left: 12px\">\n\t\t\t\t\t\t\t<p class=\"qodef-iwt-text\" style=\"margin-top: 0px\">\n                                    <a itemprop=\"url\" href=\"https:\/\/wa.me\/905010139414\" target=\"_self\">\n                                        Whatsapp: +90 501 013 9414                                    <\/a>\n                            <\/p>\n\t\t\t<\/div>\n<\/div>\t\t<\/div>\n\t<\/div>\n<\/div><\/div>[\/vc_column_inner][vc_column_inner width=&#8221;1\/2&#8243;]<div class=\"qodef-elements-holder   qodef-one-column  qodef-responsive-mode-768 \" ><div class=\"qodef-eh-item    \"  data-item-class=\"qodef-eh-custom-5577\">\n\t<div class=\"qodef-eh-item-inner\">\n\t\t<div class=\"qodef-eh-item-content qodef-eh-custom-5577\" >\n\t\t\t[vc_column_text]<\/p>\n<h3 class=\"ferblue\">LANDMARKS<\/h3>\n<p>[\/vc_column_text][vc_empty_space height=&#8221;12px&#8221;]<div class=\"qodef-iwt clearfix  qodef-iwt-icon-left qodef-iwt-icon-medium\">\n\t<div class=\"qodef-iwt-icon\">\n\t\t\t\t\t\t\t\t\t    <span class=\"qodef-icon-shortcode qodef-normal   qodef-icon-medium\"  >\n                    <span aria-hidden=\"true\" class=\"qodef-icon-font-elegant icon_star qodef-icon-element\" style=\"font-size:15px\" ><\/span>            <\/span>\n\t\t\t\t\t\t<\/div>\n\t<div class=\"qodef-iwt-content\" style=\"padding-left: 12px\">\n\t\t\t\t\t\t\t<p class=\"qodef-iwt-text\" style=\"margin-top: 0px\">\n                                        Osmanbey 100 m                            <\/p>\n\t\t\t<\/div>\n<\/div>[vc_empty_space height=&#8221;5px&#8221;]<div class=\"qodef-iwt clearfix  qodef-iwt-icon-left qodef-iwt-icon-medium\">\n\t<div class=\"qodef-iwt-icon\">\n\t\t\t\t\t\t\t\t\t    <span class=\"qodef-icon-shortcode qodef-normal   qodef-icon-medium\"  >\n                    <span aria-hidden=\"true\" class=\"qodef-icon-font-elegant icon_star qodef-icon-element\" style=\"font-size:15px\" ><\/span>            <\/span>\n\t\t\t\t\t\t<\/div>\n\t<div class=\"qodef-iwt-content\" style=\"padding-left: 12px\">\n\t\t\t\t\t\t\t<p class=\"qodef-iwt-text\" style=\"margin-top: 0px\">\n                                        Ni\u015fanta\u015f\u0131 500 m                            <\/p>\n\t\t\t<\/div>\n<\/div>[vc_empty_space height=&#8221;5px&#8221;]<div class=\"qodef-iwt clearfix  qodef-iwt-icon-left qodef-iwt-icon-medium\">\n\t<div class=\"qodef-iwt-icon\">\n\t\t\t\t\t\t\t\t\t    <span class=\"qodef-icon-shortcode qodef-normal   qodef-icon-medium\"  >\n                    <span aria-hidden=\"true\" class=\"qodef-icon-font-elegant icon_star qodef-icon-element\" style=\"font-size:15px\" ><\/span>            <\/span>\n\t\t\t\t\t\t<\/div>\n\t<div class=\"qodef-iwt-content\" style=\"padding-left: 12px\">\n\t\t\t\t\t\t\t<p class=\"qodef-iwt-text\" style=\"margin-top: 0px\">\n                                        Cevahir Mall 1 KM                            <\/p>\n\t\t\t<\/div>\n<\/div>[vc_empty_space height=&#8221;5px&#8221;]<div class=\"qodef-iwt clearfix  qodef-iwt-icon-left qodef-iwt-icon-medium\">\n\t<div class=\"qodef-iwt-icon\">\n\t\t\t\t\t\t\t\t\t    <span class=\"qodef-icon-shortcode qodef-normal   qodef-icon-medium\"  >\n                    <span aria-hidden=\"true\" class=\"qodef-icon-font-elegant icon_star qodef-icon-element\" style=\"font-size:15px\" ><\/span>            <\/span>\n\t\t\t\t\t\t<\/div>\n\t<div class=\"qodef-iwt-content\" style=\"padding-left: 12px\">\n\t\t\t\t\t\t\t<p class=\"qodef-iwt-text\" style=\"margin-top: 0px\">\n                                        Taksim Square 1 KM                            <\/p>\n\t\t\t<\/div>\n<\/div>[vc_empty_space height=&#8221;5px&#8221;]<div class=\"qodef-iwt clearfix  qodef-iwt-icon-left qodef-iwt-icon-medium\">\n\t<div class=\"qodef-iwt-icon\">\n\t\t\t\t\t\t\t\t\t    <span class=\"qodef-icon-shortcode qodef-normal   qodef-icon-medium\"  >\n                    <span aria-hidden=\"true\" class=\"qodef-icon-font-elegant icon_star qodef-icon-element\" style=\"font-size:15px\" ><\/span>            <\/span>\n\t\t\t\t\t\t<\/div>\n\t<div class=\"qodef-iwt-content\" style=\"padding-left: 12px\">\n\t\t\t\t\t\t\t<p class=\"qodef-iwt-text\" style=\"margin-top: 0px\">\n                                        Hagia Sophia 6 KM                            <\/p>\n\t\t\t<\/div>\n<\/div>\t\t<\/div>\n\t<\/div>\n<\/div><\/div>[\/vc_column_inner][\/vc_row_inner][\/vc_column][\/vc_row][vc_row][vc_column offset=&#8221;vc_hidden-lg vc_hidden-md&#8221;][vc_gmaps link=&#8221;#E-8_JTNDaWZyYW1lJTIwc3JjJTNEJTIyaHR0cHMlM0ElMkYlMkZ3d3cuZ29vZ2xlLmNvbSUyRm1hcHMlMkZlbWJlZCUzRnBiJTNEJTIxMW0xOCUyMTFtMTIlMjExbTMlMjExZDMwMDguODYzMjM0OTI3Mzg0NCUyMTJkMjguOTg1ODc0NzE1OTQ1ODElMjEzZDQxLjA1MDExOTgyNDc5Njk5JTIxMm0zJTIxMWYwJTIxMmYwJTIxM2YwJTIxM20yJTIxMWkxMDI0JTIxMmk3NjglMjE0ZjEzLjElMjEzbTMlMjExbTIlMjExczB4MTRjYWI3ZGE2YTJmYzlmZiUyNTNBMHgzYjkxMjk5NmRlMDliYjQ4JTIxMnNHbGVhbSUyNTIwQ29sbGVjdGlvbiUyNTIwSG90ZWwlMjE1ZTAlMjEzbTIlMjExc3RyJTIxMnN0ciUyMTR2MTY2ODc4MjI0NTI1OCUyMTVtMiUyMTFzdHIlMjEyc3RyJTIyJTIwd2lkdGglM0QlMjI2MDAlMjIlMjBoZWlnaHQlM0QlMjI0NTAlMjIlMjBzdHlsZSUzRCUyMmJvcmRlciUzQTAlM0IlMjIlMjBhbGxvd2Z1bGxzY3JlZW4lM0QlMjIlMjIlMjBsb2FkaW5nJTNEJTIybGF6eSUyMiUyMHJlZmVycmVycG9saWN5JTNEJTIybm8tcmVmZXJyZXItd2hlbi1kb3duZ3JhZGUlMjIlM0UlM0MlMkZpZnJhbWUlM0U=&#8221; size=&#8221;400px&#8221;][\/vc_column][\/vc_row]<\/p>\n<\/div>","protected":false},"excerpt":{"rendered":"<p>[vc_row gap=&#8221;35&#8243; equal_height=&#8221;yes&#8221; content_placement=&#8221;middle&#8221; row_content_width=&#8221;grid&#8221; el_id=&#8221;desktop&#8221;][vc_column offset=&#8221;vc_col-lg-6 vc_hidden-lg vc_col-md-12 vc_hidden-md vc_hidden-sm vc_col-xs-12 vc_hidden-xs&#8221; css=&#8221;.vc_custom_1670951585099{padding-top: 81px !important;padding-bottom: 77px !important;}&#8221;][\/vc_column][vc_column offset=&#8221;vc_col-lg-6 vc_col-md-12 vc_hidden-md vc_hidden-sm vc_col-xs-12 vc_hidden-xs&#8221; css=&#8221;.vc_custom_1579782180581{padding-top: 81px !important;padding-bottom: 77px !important;}&#8221;][vc_row_inner equal_height=&#8221;yes&#8221;][vc_column_inner width=&#8221;1\/2&#8243;][\/vc_column_inner][vc_column_inner width=&#8221;1\/2&#8243;][\/vc_column_inner][\/vc_row_inner][\/vc_column][\/vc_row][vc_row][vc_column offset=&#8221;vc_hidden-lg vc_hidden-md&#8221;][vc_gmaps link=&#8221;#E-8_JTNDaWZyYW1lJTIwc3JjJTNEJTIyaHR0cHMlM0ElMkYlMkZ3d3cuZ29vZ2xlLmNvbSUyRm1hcHMlMkZlbWJlZCUzRnBiJTNEJTIxMW0xOCUyMTFtMTIlMjExbTMlMjExZDMwMDguODYzMjM0OTI3Mzg0NCUyMTJkMjguOTg1ODc0NzE1OTQ1ODElMjEzZDQxLjA1MDExOTgyNDc5Njk5JTIxMm0zJTIxMWYwJTIxMmYwJTIxM2YwJTIxM20yJTIxMWkxMDI0JTIxMmk3NjglMjE0ZjEzLjElMjEzbTMlMjExbTIlMjExczB4MTRjYWI3ZGE2YTJmYzlmZiUyNTNBMHgzYjkxMjk5NmRlMDliYjQ4JTIxMnNHbGVhbSUyNTIwQ29sbGVjdGlvbiUyNTIwSG90ZWwlMjE1ZTAlMjEzbTIlMjExc3RyJTIxMnN0ciUyMTR2MTY2ODc4MjI0NTI1OCUyMTVtMiUyMTFzdHIlMjEyc3RyJTIyJTIwd2lkdGglM0QlMjI2MDAlMjIlMjBoZWlnaHQlM0QlMjI0NTAlMjIlMjBzdHlsZSUzRCUyMmJvcmRlciUzQTAlM0IlMjIlMjBhbGxvd2Z1bGxzY3JlZW4lM0QlMjIlMjIlMjBsb2FkaW5nJTNEJTIybGF6eSUyMiUyMHJlZmVycmVycG9saWN5JTNEJTIybm8tcmVmZXJyZXItd2hlbi1kb3duZ3JhZGUlMjIlM0UlM0MlMkZpZnJhbWUlM0U=&#8221; size=&#8221;400px&#8221;][\/vc_column][\/vc_row]<\/p>\n","protected":false},"author":2,"featured_media":0,"parent":0,"menu_order":0,"comment_status":"closed","ping_status":"closed","template":"full-width.php","meta":{"footnotes":""},"class_list":["post-6631","page","type-page","status-publish","hentry"],"yoast_head":"<!-- This site is optimized with the Yoast SEO plugin v27.1.1 - https:\/\/yoast.com\/product\/yoast-seo-wordpress\/ -->\n<title>CONTACT US - Gleam Collection<\/title>\n<meta name=\"robots\" content=\"index, follow, max-snippet:-1, max-image-preview:large, max-video-preview:-1\" \/>\n<link rel=\"canonical\" href=\"https:\/\/www.gleamcollection.com\/bomonti\/en\/contact-us\/\" \/>\n<meta property=\"og:locale\" content=\"en_US\" \/>\n<meta property=\"og:type\" content=\"article\" \/>\n<meta property=\"og:title\" content=\"CONTACT US - Gleam Collection\" \/>\n<meta property=\"og:description\" content=\"[vc_row gap=&#8221;35&#8243; equal_height=&#8221;yes&#8221; content_placement=&#8221;middle&#8221; row_content_width=&#8221;grid&#8221; el_id=&#8221;desktop&#8221;][vc_column offset=&#8221;vc_col-lg-6 vc_hidden-lg vc_col-md-12 vc_hidden-md vc_hidden-sm vc_col-xs-12 vc_hidden-xs&#8221; css=&#8221;.vc_custom_1670951585099{padding-top: 81px !important;padding-bottom: 77px !important;}&#8221;][\/vc_column][vc_column offset=&#8221;vc_col-lg-6 vc_col-md-12 vc_hidden-md vc_hidden-sm vc_col-xs-12 vc_hidden-xs&#8221; css=&#8221;.vc_custom_1579782180581{padding-top: 81px !important;padding-bottom: 77px !important;}&#8221;][vc_row_inner equal_height=&#8221;yes&#8221;][vc_column_inner width=&#8221;1\/2&#8243;][\/vc_column_inner][vc_column_inner width=&#8221;1\/2&#8243;][\/vc_column_inner][\/vc_row_inner][\/vc_column][\/vc_row][vc_row][vc_column offset=&#8221;vc_hidden-lg vc_hidden-md&#8221;][vc_gmaps link=&#8221;#E-8_JTNDaWZyYW1lJTIwc3JjJTNEJTIyaHR0cHMlM0ElMkYlMkZ3d3cuZ29vZ2xlLmNvbSUyRm1hcHMlMkZlbWJlZCUzRnBiJTNEJTIxMW0xOCUyMTFtMTIlMjExbTMlMjExZDMwMDguODYzMjM0OTI3Mzg0NCUyMTJkMjguOTg1ODc0NzE1OTQ1ODElMjEzZDQxLjA1MDExOTgyNDc5Njk5JTIxMm0zJTIxMWYwJTIxMmYwJTIxM2YwJTIxM20yJTIxMWkxMDI0JTIxMmk3NjglMjE0ZjEzLjElMjEzbTMlMjExbTIlMjExczB4MTRjYWI3ZGE2YTJmYzlmZiUyNTNBMHgzYjkxMjk5NmRlMDliYjQ4JTIxMnNHbGVhbSUyNTIwQ29sbGVjdGlvbiUyNTIwSG90ZWwlMjE1ZTAlMjEzbTIlMjExc3RyJTIxMnN0ciUyMTR2MTY2ODc4MjI0NTI1OCUyMTVtMiUyMTFzdHIlMjEyc3RyJTIyJTIwd2lkdGglM0QlMjI2MDAlMjIlMjBoZWlnaHQlM0QlMjI0NTAlMjIlMjBzdHlsZSUzRCUyMmJvcmRlciUzQTAlM0IlMjIlMjBhbGxvd2Z1bGxzY3JlZW4lM0QlMjIlMjIlMjBsb2FkaW5nJTNEJTIybGF6eSUyMiUyMHJlZmVycmVycG9saWN5JTNEJTIybm8tcmVmZXJyZXItd2hlbi1kb3duZ3JhZGUlMjIlM0UlM0MlMkZpZnJhbWUlM0U=&#8221; size=&#8221;400px&#8221;][\/vc_column][\/vc_row]\" \/>\n<meta property=\"og:url\" content=\"https:\/\/www.gleamcollection.com\/bomonti\/en\/contact-us\/\" \/>\n<meta property=\"og:site_name\" content=\"Gleam Collection\" \/>\n<meta property=\"article:modified_time\" content=\"2024-08-08T18:51:26+00:00\" \/>\n<meta name=\"twitter:card\" content=\"summary_large_image\" \/>\n<meta name=\"twitter:label1\" content=\"Est. reading time\" \/>\n\t<meta name=\"twitter:data1\" content=\"2 minutes\" \/>\n<script type=\"application\/ld+json\" class=\"yoast-schema-graph\">{\"@context\":\"https:\/\/schema.org\",\"@graph\":[{\"@type\":\"WebPage\",\"@id\":\"https:\/\/www.gleamcollection.com\/bomonti\/en\/contact-us\/\",\"url\":\"https:\/\/www.gleamcollection.com\/bomonti\/en\/contact-us\/\",\"name\":\"CONTACT US - Gleam Collection\",\"isPartOf\":{\"@id\":\"https:\/\/www.gleamcollection.com\/bomonti\/#website\"},\"datePublished\":\"2018-04-19T07:43:22+00:00\",\"dateModified\":\"2024-08-08T18:51:26+00:00\",\"inLanguage\":\"en-US\",\"potentialAction\":[{\"@type\":\"ReadAction\",\"target\":[\"https:\/\/www.gleamcollection.com\/bomonti\/en\/contact-us\/\"]}]},{\"@type\":\"WebSite\",\"@id\":\"https:\/\/www.gleamcollection.com\/bomonti\/#website\",\"url\":\"https:\/\/www.gleamcollection.com\/bomonti\/\",\"name\":\"Gleam Collection\",\"description\":\"\",\"potentialAction\":[{\"@type\":\"SearchAction\",\"target\":{\"@type\":\"EntryPoint\",\"urlTemplate\":\"https:\/\/www.gleamcollection.com\/bomonti\/?s={search_term_string}\"},\"query-input\":{\"@type\":\"PropertyValueSpecification\",\"valueRequired\":true,\"valueName\":\"search_term_string\"}}],\"inLanguage\":\"en-US\"}]}<\/script>\n<!-- \/ Yoast SEO plugin. -->","yoast_head_json":{"title":"CONTACT US - Gleam Collection","robots":{"index":"index","follow":"follow","max-snippet":"max-snippet:-1","max-image-preview":"max-image-preview:large","max-video-preview":"max-video-preview:-1"},"canonical":"https:\/\/www.gleamcollection.com\/bomonti\/en\/contact-us\/","og_locale":"en_US","og_type":"article","og_title":"CONTACT US - Gleam Collection","og_description":"[vc_row gap=&#8221;35&#8243; equal_height=&#8221;yes&#8221; content_placement=&#8221;middle&#8221; row_content_width=&#8221;grid&#8221; el_id=&#8221;desktop&#8221;][vc_column offset=&#8221;vc_col-lg-6 vc_hidden-lg vc_col-md-12 vc_hidden-md vc_hidden-sm vc_col-xs-12 vc_hidden-xs&#8221; css=&#8221;.vc_custom_1670951585099{padding-top: 81px !important;padding-bottom: 77px !important;}&#8221;][\/vc_column][vc_column offset=&#8221;vc_col-lg-6 vc_col-md-12 vc_hidden-md vc_hidden-sm vc_col-xs-12 vc_hidden-xs&#8221; css=&#8221;.vc_custom_1579782180581{padding-top: 81px !important;padding-bottom: 77px !important;}&#8221;][vc_row_inner equal_height=&#8221;yes&#8221;][vc_column_inner width=&#8221;1\/2&#8243;][\/vc_column_inner][vc_column_inner width=&#8221;1\/2&#8243;][\/vc_column_inner][\/vc_row_inner][\/vc_column][\/vc_row][vc_row][vc_column offset=&#8221;vc_hidden-lg vc_hidden-md&#8221;][vc_gmaps link=&#8221;#E-8_JTNDaWZyYW1lJTIwc3JjJTNEJTIyaHR0cHMlM0ElMkYlMkZ3d3cuZ29vZ2xlLmNvbSUyRm1hcHMlMkZlbWJlZCUzRnBiJTNEJTIxMW0xOCUyMTFtMTIlMjExbTMlMjExZDMwMDguODYzMjM0OTI3Mzg0NCUyMTJkMjguOTg1ODc0NzE1OTQ1ODElMjEzZDQxLjA1MDExOTgyNDc5Njk5JTIxMm0zJTIxMWYwJTIxMmYwJTIxM2YwJTIxM20yJTIxMWkxMDI0JTIxMmk3NjglMjE0ZjEzLjElMjEzbTMlMjExbTIlMjExczB4MTRjYWI3ZGE2YTJmYzlmZiUyNTNBMHgzYjkxMjk5NmRlMDliYjQ4JTIxMnNHbGVhbSUyNTIwQ29sbGVjdGlvbiUyNTIwSG90ZWwlMjE1ZTAlMjEzbTIlMjExc3RyJTIxMnN0ciUyMTR2MTY2ODc4MjI0NTI1OCUyMTVtMiUyMTFzdHIlMjEyc3RyJTIyJTIwd2lkdGglM0QlMjI2MDAlMjIlMjBoZWlnaHQlM0QlMjI0NTAlMjIlMjBzdHlsZSUzRCUyMmJvcmRlciUzQTAlM0IlMjIlMjBhbGxvd2Z1bGxzY3JlZW4lM0QlMjIlMjIlMjBsb2FkaW5nJTNEJTIybGF6eSUyMiUyMHJlZmVycmVycG9saWN5JTNEJTIybm8tcmVmZXJyZXItd2hlbi1kb3duZ3JhZGUlMjIlM0UlM0MlMkZpZnJhbWUlM0U=&#8221; size=&#8221;400px&#8221;][\/vc_column][\/vc_row]","og_url":"https:\/\/www.gleamcollection.com\/bomonti\/en\/contact-us\/","og_site_name":"Gleam Collection","article_modified_time":"2024-08-08T18:51:26+00:00","twitter_card":"summary_large_image","twitter_misc":{"Est. reading time":"2 minutes"},"schema":{"@context":"https:\/\/schema.org","@graph":[{"@type":"WebPage","@id":"https:\/\/www.gleamcollection.com\/bomonti\/en\/contact-us\/","url":"https:\/\/www.gleamcollection.com\/bomonti\/en\/contact-us\/","name":"CONTACT US - Gleam Collection","isPartOf":{"@id":"https:\/\/www.gleamcollection.com\/bomonti\/#website"},"datePublished":"2018-04-19T07:43:22+00:00","dateModified":"2024-08-08T18:51:26+00:00","inLanguage":"en-US","potentialAction":[{"@type":"ReadAction","target":["https:\/\/www.gleamcollection.com\/bomonti\/en\/contact-us\/"]}]},{"@type":"WebSite","@id":"https:\/\/www.gleamcollection.com\/bomonti\/#website","url":"https:\/\/www.gleamcollection.com\/bomonti\/","name":"Gleam Collection","description":"","potentialAction":[{"@type":"SearchAction","target":{"@type":"EntryPoint","urlTemplate":"https:\/\/www.gleamcollection.com\/bomonti\/?s={search_term_string}"},"query-input":{"@type":"PropertyValueSpecification","valueRequired":true,"valueName":"search_term_string"}}],"inLanguage":"en-US"}]}},"_links":{"self":[{"href":"https:\/\/www.gleamcollection.com\/bomonti\/en\/wp-json\/wp\/v2\/pages\/6631","targetHints":{"allow":["GET"]}}],"collection":[{"href":"https:\/\/www.gleamcollection.com\/bomonti\/en\/wp-json\/wp\/v2\/pages"}],"about":[{"href":"https:\/\/www.gleamcollection.com\/bomonti\/en\/wp-json\/wp\/v2\/types\/page"}],"author":[{"embeddable":true,"href":"https:\/\/www.gleamcollection.com\/bomonti\/en\/wp-json\/wp\/v2\/users\/2"}],"replies":[{"embeddable":true,"href":"https:\/\/www.gleamcollection.com\/bomonti\/en\/wp-json\/wp\/v2\/comments?post=6631"}],"version-history":[{"count":3,"href":"https:\/\/www.gleamcollection.com\/bomonti\/en\/wp-json\/wp\/v2\/pages\/6631\/revisions"}],"predecessor-version":[{"id":6634,"href":"https:\/\/www.gleamcollection.com\/bomonti\/en\/wp-json\/wp\/v2\/pages\/6631\/revisions\/6634"}],"wp:attachment":[{"href":"https:\/\/www.gleamcollection.com\/bomonti\/en\/wp-json\/wp\/v2\/media?parent=6631"}],"curies":[{"name":"wp","href":"https:\/\/api.w.org\/{rel}","templated":true}]}}